{"id":11366,"date":"2024-02-17T13:24:30","date_gmt":"2024-02-17T11:24:30","guid":{"rendered":"https:\/\/pp.314tester.eu\/crociera\/"},"modified":"2024-08-07T10:41:52","modified_gmt":"2024-08-07T07:41:52","slug":"crociera","status":"publish","type":"page","link":"https:\/\/patrasport.gr\/it\/crociera\/","title":{"rendered":"Crociera"},"content":{"rendered":"\t\t<div data-elementor-type=\"wp-page\" data-elementor-id=\"11366\" class=\"elementor elementor-11366 elementor-1835\" data-elementor-post-type=\"page\">\n\t\t\t\t<div class=\"elementor-element elementor-element-d172e25 e-flex e-con-boxed e-con e-parent\" data-id=\"d172e25\" data-element_type=\"container\" data-e-type=\"container\">\n\t\t\t\t\t<div class=\"e-con-inner\">\n\t\t\t\t<div class=\"elementor-element elementor-element-ac25ebc elementor-widget elementor-widget-heading\" data-id=\"ac25ebc\" data-element_type=\"widget\" data-e-type=\"widget\" data-widget_type=\"heading.default\">\n\t\t\t\t<div class=\"elementor-widget-container\">\n\t\t\t\t\t<h2 class=\"elementor-heading-title elementor-size-default\">Crociera <\/h2>\t\t\t\t<\/div>\n\t\t\t\t<\/div>\n\t\t\t\t<div class=\"elementor-element elementor-element-5da78a4 elementor-widget-divider--view-line elementor-widget elementor-widget-divider\" data-id=\"5da78a4\" data-element_type=\"widget\" data-e-type=\"widget\" data-widget_type=\"divider.default\">\n\t\t\t\t<div class=\"elementor-widget-container\">\n\t\t\t\t\t\t\t<div class=\"elementor-divider\">\n\t\t\t<span class=\"elementor-divider-separator\">\n\t\t\t\t\t\t<\/span>\n\t\t<\/div>\n\t\t\t\t\t\t<\/div>\n\t\t\t\t<\/div>\n\t\t\t\t<div class=\"elementor-element elementor-element-9cd390d elementor-widget elementor-widget-text-editor\" data-id=\"9cd390d\" data-element_type=\"widget\" data-e-type=\"widget\" data-widget_type=\"text-editor.default\">\n\t\t\t\t<div class=\"elementor-widget-container\">\n\t\t\t\t\t\t\t\t\t<p>Il Bacino del Porto Nord dell&#8217;Autorit\u00e0 Portuale di Patrasso \u00e8 una destinazione chiave per le crociere nel Mediterraneo. Grazie alle sue strutture moderne e alle eccellenti infrastrutture, \u00e8 un punto di partenza e di arrivo ideale per le navi da crociera di tutto il mondo. <\/p>\n<p>Il molo di North Bacino Portuale dispone di tutte le formalit\u00e0 necessarie per accogliere grandi navi da crociera. Le lunghezze di ormeggio, i pescaggi, ecc. sono adatti ad accogliere navi di grande dislocamento, garantendo loro un avvicinamento e una permanenza sicuri nel porto. Inoltre, l&#8217;infrastruttura comprende moderne strutture di carico e scarico e attrezzature specializzate per i servizi ai passeggeri e all&#8217;equipaggio.  <\/p>\n<p>Uno dei pi\u00f9 importanti contributi all&#8217;industria crocieristica di North Limenolekani \u00e8 la stazione di Kanellopoulos. Questa stazione \u00e8 ben attrezzata per offrire servizi di alta qualit\u00e0 ai visitatori, con comode aree di attesa, centri di informazione e tutti i servizi necessari per un soggiorno piacevole. <\/p>\n<p>La crociera \u00e8 una parte fondamentale dello sviluppo turistico del porto, che unisce culture diverse e incrementa l&#8217;economia locale. La posizione strategica di PPA e l&#8217;alta qualit\u00e0 dei suoi servizi ne fanno una delle destinazioni crocieristiche pi\u00f9 interessanti del Mediterraneo. <\/p>\n<p>Con lo sviluppo e il potenziamento delle infrastrutture del Bacino Portuale Nord, il porto di PPA continua ad essere all&#8217;avanguardia, offrendo esperienze indimenticabili ai visitatori e sostenendo lo sviluppo turistico ed economico della regione.<\/p>\n\t\t\t\t\t\t\t\t<\/div>\n\t\t\t\t<\/div>\n\t\t\t\t\t<\/div>\n\t\t\t\t<\/div>\n\t\t<div class=\"elementor-element elementor-element-16aee76 e-flex e-con-boxed e-con e-parent\" data-id=\"16aee76\" data-element_type=\"container\" data-e-type=\"container\">\n\t\t\t\t\t<div class=\"e-con-inner\">\n\t\t\t\t<div class=\"elementor-element elementor-element-79ad04d elementor-widget elementor-widget-video\" data-id=\"79ad04d\" data-element_type=\"widget\" data-e-type=\"widget\" data-settings=\"{&quot;youtube_url&quot;:&quot;https:\\\/\\\/www.youtube.com\\\/watch?v=g6Uuh9XBKKs&quot;,&quot;video_type&quot;:&quot;youtube&quot;,&quot;controls&quot;:&quot;yes&quot;}\" data-widget_type=\"video.default\">\n\t\t\t\t<div class=\"elementor-widget-container\">\n\t\t\t\t\t\t\t<div class=\"elementor-wrapper elementor-open-inline\">\n\t\t\t<div class=\"elementor-video\"><\/div>\t\t<\/div>\n\t\t\t\t\t\t<\/div>\n\t\t\t\t<\/div>\n\t\t\t\t\t<\/div>\n\t\t\t\t<\/div>\n\t\t\t\t<\/div>\n\t\t","protected":false},"excerpt":{"rendered":"<p>Crociera Il Bacino del Porto Nord dell&#8217;Autorit\u00e0 Portuale di Patrasso \u00e8 una destinazione chiave per le crociere nel Mediterraneo. Grazie alle sue strutture moderne e alle eccellenti infrastrutture, \u00e8 un punto di partenza e di arrivo ideale per le navi da crociera di tutto il mondo. Il molo di North Bacino Portuale dispone di tutte [&hellip;]<\/p>\n","protected":false},"author":3,"featured_media":0,"parent":0,"menu_order":0,"comment_status":"closed","ping_status":"closed","template":"","meta":{"footnotes":""},"class_list":["post-11366","page","type-page","status-publish","hentry"],"_links":{"self":[{"href":"https:\/\/patrasport.gr\/it\/wp-json\/wp\/v2\/pages\/11366","targetHints":{"allow":["GET"]}}],"collection":[{"href":"https:\/\/patrasport.gr\/it\/wp-json\/wp\/v2\/pages"}],"about":[{"href":"https:\/\/patrasport.gr\/it\/wp-json\/wp\/v2\/types\/page"}],"author":[{"embeddable":true,"href":"https:\/\/patrasport.gr\/it\/wp-json\/wp\/v2\/users\/3"}],"replies":[{"embeddable":true,"href":"https:\/\/patrasport.gr\/it\/wp-json\/wp\/v2\/comments?post=11366"}],"version-history":[{"count":0,"href":"https:\/\/patrasport.gr\/it\/wp-json\/wp\/v2\/pages\/11366\/revisions"}],"wp:attachment":[{"href":"https:\/\/patrasport.gr\/it\/wp-json\/wp\/v2\/media?parent=11366"}],"curies":[{"name":"wp","href":"https:\/\/api.w.org\/{rel}","templated":true}]}}