{"id":11194,"date":"2024-08-06T11:49:06","date_gmt":"2024-08-06T08:49:06","guid":{"rendered":"https:\/\/pp.314tester.eu\/il-porto-di-patrasso\/"},"modified":"2024-08-06T22:16:32","modified_gmt":"2024-08-06T19:16:32","slug":"il-porto-di-patrasso","status":"publish","type":"page","link":"https:\/\/patrasport.gr\/it\/il-porto-di-patrasso\/","title":{"rendered":"Il Porto di Patrasso"},"content":{"rendered":"\t\t<div data-elementor-type=\"wp-page\" data-elementor-id=\"11194\" class=\"elementor elementor-11194 elementor-10734\" data-elementor-post-type=\"page\">\n\t\t\t\t<div class=\"elementor-element elementor-element-d7df8cd e-flex e-con-boxed e-con e-parent\" data-id=\"d7df8cd\" data-element_type=\"container\" data-e-type=\"container\">\n\t\t\t\t\t<div class=\"e-con-inner\">\n\t\t\t\t<div class=\"elementor-element elementor-element-67d4905 elementor-widget elementor-widget-heading\" data-id=\"67d4905\" data-element_type=\"widget\" data-e-type=\"widget\" data-widget_type=\"heading.default\">\n\t\t\t\t<div class=\"elementor-widget-container\">\n\t\t\t\t\t<h2 class=\"elementor-heading-title elementor-size-default\">Il Porto di Patrasso<\/h2>\t\t\t\t<\/div>\n\t\t\t\t<\/div>\n\t\t\t\t<div class=\"elementor-element elementor-element-0d630d7 elementor-widget-divider--view-line elementor-widget elementor-widget-divider\" data-id=\"0d630d7\" data-element_type=\"widget\" data-e-type=\"widget\" data-widget_type=\"divider.default\">\n\t\t\t\t<div class=\"elementor-widget-container\">\n\t\t\t\t\t\t\t<div class=\"elementor-divider\">\n\t\t\t<span class=\"elementor-divider-separator\">\n\t\t\t\t\t\t<\/span>\n\t\t<\/div>\n\t\t\t\t\t\t<\/div>\n\t\t\t\t<\/div>\n\t\t\t\t<div class=\"elementor-element elementor-element-b76663b elementor-widget elementor-widget-text-editor\" data-id=\"b76663b\" data-element_type=\"widget\" data-e-type=\"widget\" data-widget_type=\"text-editor.default\">\n\t\t\t\t<div class=\"elementor-widget-container\">\n\t\t\t\t\t\t\t\t\t<p>Il Porto di Patrasso \u00e8 la porta d&#8217;accesso del nostro Paese all&#8217;Europa ed \u00e8 uno dei porti pi\u00f9 moderni del Mediterraneo, con strutture portuali all&#8217;avanguardia, un terminal crociere moderno, servizi di ospitalit\u00e0 integrata di alta qualit\u00e0 e condizioni di igiene e sicurezza.<\/p>\n<p>L&#8217;Autorit\u00e0 Portuale di Patrasso contribuisce in modo decisivo all&#8217;economia locale creando 2.504 posti di lavoro attraverso le imprese direttamente dipendenti, di cui 1.013 diretti con un reddito di 12,2 milioni di euro e 1.491 indiretti con un reddito di circa 9,2 milioni di euro. <\/p>\n<p>Secondo ELSTAT, il porto e le imprese ad esso collegate contribuiscono per il 3,74% all&#8217;occupazione locale totale e per l&#8217;1,48% al reddito complessivo generato. Inoltre, insieme alle imprese direttamente dipendenti, generano un fatturato di 64,3 milioni di euro.  <\/p>\n\t\t\t\t\t\t\t\t<\/div>\n\t\t\t\t<\/div>\n\t\t\t\t\t<\/div>\n\t\t\t\t<\/div>\n\t\t<div class=\"elementor-element elementor-element-e933dbb e-flex e-con-boxed e-con e-parent\" data-id=\"e933dbb\" data-element_type=\"container\" data-e-type=\"container\">\n\t\t\t\t\t<div class=\"e-con-inner\">\n\t\t<div class=\"elementor-element elementor-element-db21536 e-con-full e-flex e-con e-child\" data-id=\"db21536\" data-element_type=\"container\" data-e-type=\"container\">\n\t\t\t\t<div class=\"elementor-element elementor-element-8a20d34 elementor-widget elementor-widget-heading\" data-id=\"8a20d34\" data-element_type=\"widget\" data-e-type=\"widget\" data-widget_type=\"heading.default\">\n\t\t\t\t<div class=\"elementor-widget-container\">\n\t\t\t\t\t<h4 class=\"elementor-heading-title elementor-size-default\">Dati sul traffico merci<\/h4>\t\t\t\t<\/div>\n\t\t\t\t<\/div>\n\t\t\t\t<div class=\"elementor-element elementor-element-d5ce2fb elementor-widget-divider--view-line elementor-widget elementor-widget-divider\" data-id=\"d5ce2fb\" data-element_type=\"widget\" data-e-type=\"widget\" data-widget_type=\"divider.default\">\n\t\t\t\t<div class=\"elementor-widget-container\">\n\t\t\t\t\t\t\t<div class=\"elementor-divider\">\n\t\t\t<span class=\"elementor-divider-separator\">\n\t\t\t\t\t\t<\/span>\n\t\t<\/div>\n\t\t\t\t\t\t<\/div>\n\t\t\t\t<\/div>\n\t\t\t\t<div class=\"elementor-element elementor-element-9457a17 elementor-widget elementor-widget-text-editor\" data-id=\"9457a17\" data-element_type=\"widget\" data-e-type=\"widget\" data-widget_type=\"text-editor.default\">\n\t\t\t\t<div class=\"elementor-widget-container\">\n\t\t\t\t\t\t\t\t\t<p>Di seguito puoi vedere i dati sul traffico merci degli ultimi 5 anni (2018-2022).<\/p>\n\t\t\t\t\t\t\t\t<\/div>\n\t\t\t\t<\/div>\n\t\t\t\t<div class=\"elementor-element elementor-element-03e1f46 plus-border-yes elementor-widget elementor-widget-tp-table\" data-id=\"03e1f46\" data-element_type=\"widget\" data-e-type=\"widget\" data-widget_type=\"tp-table.default\">\n\t\t\t\t<div class=\"elementor-widget-container\">\n\t\t\t\t\t\t\t\t<div itemscope class=\"plus-table-wrapper   tp-table-mobresswipe\" itemtype=\"http:\/\/schema.org\/Table\">\n\n\t\t\t\t<table id=\"plus-table-id-03e1f46\" class=\"plus-table plus-text-break plus-column-rules\" data-sort-table=\"no\" data-show-entry=\"no\" data-searchable=\"no\">\n\t\t\t\t\t\t\t\t\t\t\t<thead> \n\t\t\t\t\t\t\t\t\t\t\t\t\t\t\t\t<th id=\"tooltip69eb1bf0341b6\"data-sort=\"0\" class=\"sort-this elementor-repeater-item-77f88fa plus-table-col\" data-local=\"true\"  scope=\"col\">\n\t\t\t\t\t\t\t\t\t\t\t<span class=\"sort-style\">\n\t\t\t\t\t\t\t\t\t\t\t<span class=\"plus-table__text\">\n\t\t\t\t\t\t\t\t\t\t\t\t\t\t\t\t\t\t\t\t\t\t\t<span class=\"plus-table__text-inner\">ANNO<\/span>\n\t\t\t\t\t\t\t\t\t\t\t\t\t\t\t\t\t\t\t\t\t\t<\/span> \n\t\t\t\t\t\t\t\t\t\t\t\n\t\t\t\t\t\t\t\t\t\t\t\t\t\t\t\t\t\t\t\t\t\t<\/span>\n\t\t\t\t\t\t\t\t\t\t<\/th>\n\t\t\t\t\t\t\t\t\t\t\t\t\t\t\t\t\t\t\t\t<th id=\"tooltip69eb1bf0341c4\"data-sort=\"1\" class=\"sort-this elementor-repeater-item-86b62ec plus-table-col\" data-local=\"true\"  scope=\"col\">\n\t\t\t\t\t\t\t\t\t\t\t<span class=\"sort-style\">\n\t\t\t\t\t\t\t\t\t\t\t<span class=\"plus-table__text\">\n\t\t\t\t\t\t\t\t\t\t\t\t\t\t\t\t\t\t\t\t\t\t\t<span class=\"plus-table__text-inner\">CARICHI DI CARICO<\/span>\n\t\t\t\t\t\t\t\t\t\t\t\t\t\t\t\t\t\t\t\t\t\t<\/span> \n\t\t\t\t\t\t\t\t\t\t\t\n\t\t\t\t\t\t\t\t\t\t\t\t\t\t\t\t\t\t\t\t\t\t<\/span>\n\t\t\t\t\t\t\t\t\t\t<\/th>\n\t\t\t\t\t\t\t\t\t\t\t\t\t\t\t\t\t\t\t\t<th id=\"tooltip69eb1bf0341cd\"data-sort=\"2\" class=\"sort-this elementor-repeater-item-6c11174 plus-table-col\" data-local=\"true\"  scope=\"col\">\n\t\t\t\t\t\t\t\t\t\t\t<span class=\"sort-style\">\n\t\t\t\t\t\t\t\t\t\t\t<span class=\"plus-table__text\">\n\t\t\t\t\t\t\t\t\t\t\t\t\t\t\t\t\t\t\t\t\t\t\t<span class=\"plus-table__text-inner\">SCARICO MERCI<\/span>\n\t\t\t\t\t\t\t\t\t\t\t\t\t\t\t\t\t\t\t\t\t\t<\/span> \n\t\t\t\t\t\t\t\t\t\t\t\n\t\t\t\t\t\t\t\t\t\t\t\t\t\t\t\t\t\t\t\t\t\t<\/span>\n\t\t\t\t\t\t\t\t\t\t<\/th>\n\t\t\t\t\t\t\t\t\t\t\t\t\t\t\t\t\t\t\t\t<\/tr><tr class=\"plus-table-row\"> \n\t\t\t\t\t\t\t\t\t\t\t\t\t\t\t\t\t\t\t\t<th id=\"tooltip69eb1bf0341dd\"class=\"sort-this elementor-repeater-item-05cc307 plus-table-col\" data-local=\"true\"  scope=\"col\">\n\t\t\t\t\t\t\t\t\t\t\t<span class=\"sort-style\">\n\t\t\t\t\t\t\t\t\t\t\t<span class=\"plus-table__text\">\n\t\t\t\t\t\t\t\t\t\t\t\t\t\t\t\t\t\t\t\t\t\t\t<span class=\"plus-table__text-inner\">2018<\/span>\n\t\t\t\t\t\t\t\t\t\t\t\t\t\t\t\t\t\t\t\t\t\t<\/span> \n\t\t\t\t\t\t\t\t\t\t\t\n\t\t\t\t\t\t\t\t\t\t\t\t\t\t\t\t\t\t\t\t\t\t<\/span>\n\t\t\t\t\t\t\t\t\t\t<\/th>\n\t\t\t\t\t\t\t\t\t\t\t\t\t\t\t\t\t\t\t\t<th id=\"tooltip69eb1bf0341e4\"class=\"sort-this elementor-repeater-item-e7c97eb plus-table-col\" data-local=\"true\"  scope=\"col\">\n\t\t\t\t\t\t\t\t\t\t\t<span class=\"sort-style\">\n\t\t\t\t\t\t\t\t\t\t\t<span class=\"plus-table__text\">\n\t\t\t\t\t\t\t\t\t\t\t\t\t\t\t\t\t\t\t\t\t\t\t<span class=\"plus-table__text-inner\">25.040,00 \u03a4<\/span>\n\t\t\t\t\t\t\t\t\t\t\t\t\t\t\t\t\t\t\t\t\t\t<\/span> \n\t\t\t\t\t\t\t\t\t\t\t\n\t\t\t\t\t\t\t\t\t\t\t\t\t\t\t\t\t\t\t\t\t\t<\/span>\n\t\t\t\t\t\t\t\t\t\t<\/th>\n\t\t\t\t\t\t\t\t\t\t\t\t\t\t\t\t\t\t\t\t<th id=\"tooltip69eb1bf0341ec\"class=\"sort-this elementor-repeater-item-2435e7e plus-table-col\" data-local=\"true\"  scope=\"col\">\n\t\t\t\t\t\t\t\t\t\t\t<span class=\"sort-style\">\n\t\t\t\t\t\t\t\t\t\t\t<span class=\"plus-table__text\">\n\t\t\t\t\t\t\t\t\t\t\t\t\t\t\t\t\t\t\t\t\t\t\t<span class=\"plus-table__text-inner\">295.804,42 \u03a4<\/span>\n\t\t\t\t\t\t\t\t\t\t\t\t\t\t\t\t\t\t\t\t\t\t<\/span> \n\t\t\t\t\t\t\t\t\t\t\t\n\t\t\t\t\t\t\t\t\t\t\t\t\t\t\t\t\t\t\t\t\t\t<\/span>\n\t\t\t\t\t\t\t\t\t\t<\/th>\n\t\t\t\t\t\t\t\t\t\t\t\t\t\t\t\t\t\t\t\t<\/tr><tr class=\"plus-table-row\"> \n\t\t\t\t\t\t\t\t\t\t\t\t\t\t\t\t\t\t\t\t<th id=\"tooltip69eb1bf0341f8\"class=\"sort-this elementor-repeater-item-9a442d9 plus-table-col\" data-local=\"true\"  scope=\"col\">\n\t\t\t\t\t\t\t\t\t\t\t<span class=\"sort-style\">\n\t\t\t\t\t\t\t\t\t\t\t<span class=\"plus-table__text\">\n\t\t\t\t\t\t\t\t\t\t\t\t\t\t\t\t\t\t\t\t\t\t\t<span class=\"plus-table__text-inner\">2019<\/span>\n\t\t\t\t\t\t\t\t\t\t\t\t\t\t\t\t\t\t\t\t\t\t<\/span> \n\t\t\t\t\t\t\t\t\t\t\t\n\t\t\t\t\t\t\t\t\t\t\t\t\t\t\t\t\t\t\t\t\t\t<\/span>\n\t\t\t\t\t\t\t\t\t\t<\/th>\n\t\t\t\t\t\t\t\t\t\t\t\t\t\t\t\t\t\t\t\t<th id=\"tooltip69eb1bf034200\"class=\"sort-this elementor-repeater-item-861849e plus-table-col\" data-local=\"true\"  scope=\"col\">\n\t\t\t\t\t\t\t\t\t\t\t<span class=\"sort-style\">\n\t\t\t\t\t\t\t\t\t\t\t<span class=\"plus-table__text\">\n\t\t\t\t\t\t\t\t\t\t\t\t\t\t\t\t\t\t\t\t\t\t\t<span class=\"plus-table__text-inner\">125,60 \u03a4<\/span>\n\t\t\t\t\t\t\t\t\t\t\t\t\t\t\t\t\t\t\t\t\t\t<\/span> \n\t\t\t\t\t\t\t\t\t\t\t\n\t\t\t\t\t\t\t\t\t\t\t\t\t\t\t\t\t\t\t\t\t\t<\/span>\n\t\t\t\t\t\t\t\t\t\t<\/th>\n\t\t\t\t\t\t\t\t\t\t\t\t\t\t\t\t\t\t\t\t<th id=\"tooltip69eb1bf034207\"class=\"sort-this elementor-repeater-item-15cfc2c plus-table-col\" data-local=\"true\"  scope=\"col\">\n\t\t\t\t\t\t\t\t\t\t\t<span class=\"sort-style\">\n\t\t\t\t\t\t\t\t\t\t\t<span class=\"plus-table__text\">\n\t\t\t\t\t\t\t\t\t\t\t\t\t\t\t\t\t\t\t\t\t\t\t<span class=\"plus-table__text-inner\">263.407,72 \u03a4<\/span>\n\t\t\t\t\t\t\t\t\t\t\t\t\t\t\t\t\t\t\t\t\t\t<\/span> \n\t\t\t\t\t\t\t\t\t\t\t\n\t\t\t\t\t\t\t\t\t\t\t\t\t\t\t\t\t\t\t\t\t\t<\/span>\n\t\t\t\t\t\t\t\t\t\t<\/th>\n\t\t\t\t\t\t\t\t\t\t\t\t\t\t\t\t\t\t\t\t<\/tr><tr class=\"plus-table-row\"> \n\t\t\t\t\t\t\t\t\t\t\t\t\t\t\t\t\t\t\t\t<th id=\"tooltip69eb1bf034214\"class=\"sort-this elementor-repeater-item-1f587c8 plus-table-col\" data-local=\"true\"  scope=\"col\">\n\t\t\t\t\t\t\t\t\t\t\t<span class=\"sort-style\">\n\t\t\t\t\t\t\t\t\t\t\t<span class=\"plus-table__text\">\n\t\t\t\t\t\t\t\t\t\t\t\t\t\t\t\t\t\t\t\t\t\t\t<span class=\"plus-table__text-inner\">2020<\/span>\n\t\t\t\t\t\t\t\t\t\t\t\t\t\t\t\t\t\t\t\t\t\t<\/span> \n\t\t\t\t\t\t\t\t\t\t\t\n\t\t\t\t\t\t\t\t\t\t\t\t\t\t\t\t\t\t\t\t\t\t<\/span>\n\t\t\t\t\t\t\t\t\t\t<\/th>\n\t\t\t\t\t\t\t\t\t\t\t\t\t\t\t\t\t\t\t\t<th id=\"tooltip69eb1bf03421b\"class=\"sort-this elementor-repeater-item-e2e2656 plus-table-col\" data-local=\"true\"  scope=\"col\">\n\t\t\t\t\t\t\t\t\t\t\t<span class=\"sort-style\">\n\t\t\t\t\t\t\t\t\t\t\t<span class=\"plus-table__text\">\n\t\t\t\t\t\t\t\t\t\t\t\t\t\t\t\t\t\t\t\t\t\t\t<span class=\"plus-table__text-inner\">0 \u03a4<\/span>\n\t\t\t\t\t\t\t\t\t\t\t\t\t\t\t\t\t\t\t\t\t\t<\/span> \n\t\t\t\t\t\t\t\t\t\t\t\n\t\t\t\t\t\t\t\t\t\t\t\t\t\t\t\t\t\t\t\t\t\t<\/span>\n\t\t\t\t\t\t\t\t\t\t<\/th>\n\t\t\t\t\t\t\t\t\t\t\t\t\t\t\t\t\t\t\t\t<th id=\"tooltip69eb1bf034221\"class=\"sort-this elementor-repeater-item-0481eeb plus-table-col\" data-local=\"true\"  scope=\"col\">\n\t\t\t\t\t\t\t\t\t\t\t<span class=\"sort-style\">\n\t\t\t\t\t\t\t\t\t\t\t<span class=\"plus-table__text\">\n\t\t\t\t\t\t\t\t\t\t\t\t\t\t\t\t\t\t\t\t\t\t\t<span class=\"plus-table__text-inner\">257.137,80 \u03a4<\/span>\n\t\t\t\t\t\t\t\t\t\t\t\t\t\t\t\t\t\t\t\t\t\t<\/span> \n\t\t\t\t\t\t\t\t\t\t\t\n\t\t\t\t\t\t\t\t\t\t\t\t\t\t\t\t\t\t\t\t\t\t<\/span>\n\t\t\t\t\t\t\t\t\t\t<\/th>\n\t\t\t\t\t\t\t\t\t\t\t\t\t\t\t\t\t\t\t\t<\/tr><tr class=\"plus-table-row\"> \n\t\t\t\t\t\t\t\t\t\t\t\t\t\t\t\t\t\t\t\t<th id=\"tooltip69eb1bf03423c\"class=\"sort-this elementor-repeater-item-57d6c3d plus-table-col\" data-local=\"true\"  scope=\"col\">\n\t\t\t\t\t\t\t\t\t\t\t<span class=\"sort-style\">\n\t\t\t\t\t\t\t\t\t\t\t<span class=\"plus-table__text\">\n\t\t\t\t\t\t\t\t\t\t\t\t\t\t\t\t\t\t\t\t\t\t\t<span class=\"plus-table__text-inner\">2021<\/span>\n\t\t\t\t\t\t\t\t\t\t\t\t\t\t\t\t\t\t\t\t\t\t<\/span> \n\t\t\t\t\t\t\t\t\t\t\t\n\t\t\t\t\t\t\t\t\t\t\t\t\t\t\t\t\t\t\t\t\t\t<\/span>\n\t\t\t\t\t\t\t\t\t\t<\/th>\n\t\t\t\t\t\t\t\t\t\t\t\t\t\t\t\t\t\t\t\t<th id=\"tooltip69eb1bf034243\"class=\"sort-this elementor-repeater-item-d1ae0a1 plus-table-col\" data-local=\"true\"  scope=\"col\">\n\t\t\t\t\t\t\t\t\t\t\t<span class=\"sort-style\">\n\t\t\t\t\t\t\t\t\t\t\t<span class=\"plus-table__text\">\n\t\t\t\t\t\t\t\t\t\t\t\t\t\t\t\t\t\t\t\t\t\t\t<span class=\"plus-table__text-inner\">2.388,59 \u03a4<\/span>\n\t\t\t\t\t\t\t\t\t\t\t\t\t\t\t\t\t\t\t\t\t\t<\/span> \n\t\t\t\t\t\t\t\t\t\t\t\n\t\t\t\t\t\t\t\t\t\t\t\t\t\t\t\t\t\t\t\t\t\t<\/span>\n\t\t\t\t\t\t\t\t\t\t<\/th>\n\t\t\t\t\t\t\t\t\t\t\t\t\t\t\t\t\t\t\t\t<th id=\"tooltip69eb1bf03424a\"class=\"sort-this elementor-repeater-item-3d29956 plus-table-col\" data-local=\"true\"  scope=\"col\">\n\t\t\t\t\t\t\t\t\t\t\t<span class=\"sort-style\">\n\t\t\t\t\t\t\t\t\t\t\t<span class=\"plus-table__text\">\n\t\t\t\t\t\t\t\t\t\t\t\t\t\t\t\t\t\t\t\t\t\t\t<span class=\"plus-table__text-inner\">290.964,30 \u03a4<\/span>\n\t\t\t\t\t\t\t\t\t\t\t\t\t\t\t\t\t\t\t\t\t\t<\/span> \n\t\t\t\t\t\t\t\t\t\t\t\n\t\t\t\t\t\t\t\t\t\t\t\t\t\t\t\t\t\t\t\t\t\t<\/span>\n\t\t\t\t\t\t\t\t\t\t<\/th>\n\t\t\t\t\t\t\t\t\t\t\t\t\t\t\t\t<\/thead> \n\t\t\t\t\t\t\n\t\t\t\t\t\t<tbody>\n\t\t\t\t\t\t\t<!-- ROWS -->\n\t\t\t\t\t\t\t\t\t\t\t\t\t\t\t\t\t<td id=\"tooltip69eb1bf03425f\"class=\"plus-table-col elementor-repeater-item-783e633\" data-title=\"2021\">\n\t\t\t\t\t\t\t\t\t\t\t\t\t\t\t\t\t\t\t\t\t\t\t\t\t\t\t\t\t\t\t\t\t\t\t\t<span class=\"plus-table__text\">\n\t\t\t\t\t\t\t\t\t\t\t\t\t\t\t\t\t\t\t\t\t\t\t\t\t\t\t\t\t\t\t\t\t\t\t\t\t\t\t\t\t\t\t\t\t\t\t\t\t\t\t\t\t\t\t\t\t\t\t\t\t\t\t\t\t\t\t\t\t\t\t\t<span class=\"plus-table__text-inner\">2022<\/span>\n\t\t\t\t\t\t\t\t\t\t\t\t\t\t\t\t\t\t\t\t\t\t\t\t\t\t\t\t\t\t\t\t\t\t\t\t\t\t\t\t\t\t\t\t\t\t\t\t\t\t\t\t\t\t\t\t\t\t\t\t\t\t\t\t\t\t\t\t\t\t\t\t\t\t\t\t\t\t\t\t\t\t\t\t<\/span>\n\t\t\t\t\t\t\t\t\t\t\t\t\t\t\t\t\t\t\t\t\t\t\t\t\t\t\t\t\t\t\t\t\t<\/td>\n\t\t\t\t\t\t\t\t\t\t\t\t\t\t\t\t\t\t\t\t\t<td id=\"tooltip69eb1bf034281\"class=\"plus-table-col elementor-repeater-item-d80a40b\" data-title=\"2.388,59 \u03a4\">\n\t\t\t\t\t\t\t\t\t\t\t\t\t\t\t\t\t\t\t\t\t\t\t\t\t\t\t\t\t\t\t\t\t\t\t\t<span class=\"plus-table__text\">\n\t\t\t\t\t\t\t\t\t\t\t\t\t\t\t\t\t\t\t\t\t\t\t\t\t\t\t\t\t\t\t\t\t\t\t\t\t\t\t\t\t\t\t\t\t\t\t\t\t\t\t\t\t\t\t\t\t\t\t\t\t\t\t\t\t\t\t\t\t\t\t\t<span class=\"plus-table__text-inner\">2.754,30 \u03a4<\/span>\n\t\t\t\t\t\t\t\t\t\t\t\t\t\t\t\t\t\t\t\t\t\t\t\t\t\t\t\t\t\t\t\t\t\t\t\t\t\t\t\t\t\t\t\t\t\t\t\t\t\t\t\t\t\t\t\t\t\t\t\t\t\t\t\t\t\t\t\t\t\t\t\t\t\t\t\t\t\t\t\t\t\t\t\t<\/span>\n\t\t\t\t\t\t\t\t\t\t\t\t\t\t\t\t\t\t\t\t\t\t\t\t\t\t\t\t\t\t\t\t\t<\/td>\n\t\t\t\t\t\t\t\t\t\t\t\t\t\t\t\t\t\t\t\t\t<td id=\"tooltip69eb1bf034296\"class=\"plus-table-col elementor-repeater-item-5df375f\" data-title=\"290.964,30 \u03a4\">\n\t\t\t\t\t\t\t\t\t\t\t\t\t\t\t\t\t\t\t\t\t\t\t\t\t\t\t\t\t\t\t\t\t\t\t\t<span class=\"plus-table__text\">\n\t\t\t\t\t\t\t\t\t\t\t\t\t\t\t\t\t\t\t\t\t\t\t\t\t\t\t\t\t\t\t\t\t\t\t\t\t\t\t\t\t\t\t\t\t\t\t\t\t\t\t\t\t\t\t\t\t\t\t\t\t\t\t\t\t\t\t\t\t\t\t\t<span class=\"plus-table__text-inner\">359.830,91 \u03a4<\/span>\n\t\t\t\t\t\t\t\t\t\t\t\t\t\t\t\t\t\t\t\t\t\t\t\t\t\t\t\t\t\t\t\t\t\t\t\t\t\t\t\t\t\t\t\t\t\t\t\t\t\t\t\t\t\t\t\t\t\t\t\t\t\t\t\t\t\t\t\t\t\t\t\t\t\t\t\t\t\t\t\t\t\t\t\t<\/span>\n\t\t\t\t\t\t\t\t\t\t\t\t\t\t\t\t\t\t\t\t\t\t\t\t\t\t\t\t\t\t\t\t\t<\/td>\n\t\t\t\t\t\t\t\t\t\t\t\t\t\t\t\t\t<\/tbody>\n\t\t\t\t<\/table>\n\n\t\t\t<\/div> \n\t\t\t<style>#plus-table-id-03e1f46 th,#plus-table-id-03e1f46 th .plus-table__text{ margin:0 auto;text-align:center;}<\/style>\t\t\t\t<\/div>\n\t\t\t\t<\/div>\n\t\t\t\t<\/div>\n\t\t<div class=\"elementor-element elementor-element-84eae7a e-con-full e-flex e-con e-child\" data-id=\"84eae7a\" data-element_type=\"container\" data-e-type=\"container\">\n\t\t\t\t<div class=\"elementor-element elementor-element-5cf8963 elementor-widget elementor-widget-heading\" data-id=\"5cf8963\" data-element_type=\"widget\" data-e-type=\"widget\" data-widget_type=\"heading.default\">\n\t\t\t\t<div class=\"elementor-widget-container\">\n\t\t\t\t\t<h4 class=\"elementor-heading-title elementor-size-default\">Qualit\u00e0 - Certificazione ISO<\/h4>\t\t\t\t<\/div>\n\t\t\t\t<\/div>\n\t\t\t\t<div class=\"elementor-element elementor-element-728ecb1 elementor-widget-divider--view-line elementor-widget elementor-widget-divider\" data-id=\"728ecb1\" data-element_type=\"widget\" data-e-type=\"widget\" data-widget_type=\"divider.default\">\n\t\t\t\t<div class=\"elementor-widget-container\">\n\t\t\t\t\t\t\t<div class=\"elementor-divider\">\n\t\t\t<span class=\"elementor-divider-separator\">\n\t\t\t\t\t\t<\/span>\n\t\t<\/div>\n\t\t\t\t\t\t<\/div>\n\t\t\t\t<\/div>\n\t\t\t\t<div class=\"elementor-element elementor-element-24ded01 elementor-widget elementor-widget-text-editor\" data-id=\"24ded01\" data-element_type=\"widget\" data-e-type=\"widget\" data-widget_type=\"text-editor.default\">\n\t\t\t\t<div class=\"elementor-widget-container\">\n\t\t\t\t\t\t\t\t\t<p>Di seguito puoi visualizzare i dati sul traffico merci degli ultimi 5 anni (2018-2022).<\/p>\n\t\t\t\t\t\t\t\t<\/div>\n\t\t\t\t<\/div>\n\t\t\t\t<div class=\"elementor-element elementor-element-672f9fd elementor-widget elementor-widget-text-editor\" data-id=\"672f9fd\" data-element_type=\"widget\" data-e-type=\"widget\" data-widget_type=\"text-editor.default\">\n\t\t\t\t<div class=\"elementor-widget-container\">\n\t\t\t\t\t\t\t\t\t<p>O.L.P.A. S.A. ha ottenuto la certificazione e implementa un Sistema di Gestione della Qualit\u00e0 in conformit\u00e0 alla norma <strong><a href=\"https:\/\/patrasport.gr\/wp-content\/uploads\/2024\/02\/Certificate-GR003705-OLPA-9k-e_certificate-greek.pdf\">ISO 9001:2015<\/a><\/strong> 2015. Questo sistema copre la gestione e l&#8217;operativit\u00e0 del porto, compresi i servizi amministrativi, la gestione delle propriet\u00e0 portuali, l&#8217;assistenza alle navi ormeggiate, la movimentazione dei carichi (compresi quelli solidi alla rinfusa), la gestione dei rifiuti, la manutenzione delle attrezzature, la manutenzione delle infrastrutture e lo sviluppo dei servizi e delle infrastrutture portuali. <\/p>\n<p>Ha inoltre ottenuto la certificazione e implementa un Sistema di Gestione Ambientale in conformit\u00e0 ai requisiti della norma <a href=\"https:\/\/patrasport.gr\/wp-content\/uploads\/2024\/02\/Certificate-GR003704-OLPA-14k-e_certificate-greek.pdf\"><strong>ISO 14001:2015 <\/strong><\/a>.<\/p>\n<p>Le due certificazioni sono state ottenute attraverso il processo di ispezione e certificazione dell&#8217;organizzazione &#8220;BUREAU VERITAS&#8221;, una delle entit\u00e0 pi\u00f9 rispettate nel settore marittimo e portuale. Queste certificazioni dimostrano l&#8217;impegno dell&#8217;Autorit\u00e0 Portuale di Patrasso S.A. nel fornire servizi affidabili e di alta qualit\u00e0 ai propri utenti e stakeholder. <\/p>\n\t\t\t\t\t\t\t\t<\/div>\n\t\t\t\t<\/div>\n\t\t<div class=\"elementor-element elementor-element-b9483aa e-flex e-con-boxed e-con e-child\" data-id=\"b9483aa\" data-element_type=\"container\" data-e-type=\"container\">\n\t\t\t\t\t<div class=\"e-con-inner\">\n\t\t\t\t<div class=\"elementor-element elementor-element-21fdf0e elementor-widget elementor-widget-image\" data-id=\"21fdf0e\" data-element_type=\"widget\" data-e-type=\"widget\" data-widget_type=\"image.default\">\n\t\t\t\t<div class=\"elementor-widget-container\">\n\t\t\t\t\t\t\t\t\t\t\t\t\t\t\t<img decoding=\"async\" width=\"200\" height=\"93\" src=\"https:\/\/patrasport.gr\/wp-content\/uploads\/2024\/02\/bv-9001.png\" class=\"attachment-full size-full wp-image-8166\" alt=\"\" \/>\t\t\t\t\t\t\t\t\t\t\t\t\t\t\t<\/div>\n\t\t\t\t<\/div>\n\t\t\t\t<div class=\"elementor-element elementor-element-36a370f elementor-widget elementor-widget-image\" data-id=\"36a370f\" data-element_type=\"widget\" data-e-type=\"widget\" data-widget_type=\"image.default\">\n\t\t\t\t<div class=\"elementor-widget-container\">\n\t\t\t\t\t\t\t\t\t\t\t\t\t\t\t<img decoding=\"async\" width=\"200\" height=\"93\" src=\"https:\/\/patrasport.gr\/wp-content\/uploads\/2024\/02\/bv-14001.png\" class=\"attachment-full size-full wp-image-8168\" alt=\"\" \/>\t\t\t\t\t\t\t\t\t\t\t\t\t\t\t<\/div>\n\t\t\t\t<\/div>\n\t\t\t\t\t<\/div>\n\t\t\t\t<\/div>\n\t\t\t\t<\/div>\n\t\t\t\t\t<\/div>\n\t\t\t\t<\/div>\n\t\t\t\t<\/div>\n\t\t","protected":false},"excerpt":{"rendered":"<p>Il Porto di Patrasso Il Porto di Patrasso \u00e8 la porta d&#8217;accesso del nostro Paese all&#8217;Europa ed \u00e8 uno dei porti pi\u00f9 moderni del Mediterraneo, con strutture portuali all&#8217;avanguardia, un terminal crociere moderno, servizi di ospitalit\u00e0 integrata di alta qualit\u00e0 e condizioni di igiene e sicurezza. L&#8217;Autorit\u00e0 Portuale di Patrasso contribuisce in modo decisivo all&#8217;economia [&hellip;]<\/p>\n","protected":false},"author":3,"featured_media":0,"parent":0,"menu_order":0,"comment_status":"closed","ping_status":"closed","template":"","meta":{"footnotes":""},"class_list":["post-11194","page","type-page","status-publish","hentry"],"_links":{"self":[{"href":"https:\/\/patrasport.gr\/it\/wp-json\/wp\/v2\/pages\/11194","targetHints":{"allow":["GET"]}}],"collection":[{"href":"https:\/\/patrasport.gr\/it\/wp-json\/wp\/v2\/pages"}],"about":[{"href":"https:\/\/patrasport.gr\/it\/wp-json\/wp\/v2\/types\/page"}],"author":[{"embeddable":true,"href":"https:\/\/patrasport.gr\/it\/wp-json\/wp\/v2\/users\/3"}],"replies":[{"embeddable":true,"href":"https:\/\/patrasport.gr\/it\/wp-json\/wp\/v2\/comments?post=11194"}],"version-history":[{"count":0,"href":"https:\/\/patrasport.gr\/it\/wp-json\/wp\/v2\/pages\/11194\/revisions"}],"wp:attachment":[{"href":"https:\/\/patrasport.gr\/it\/wp-json\/wp\/v2\/media?parent=11194"}],"curies":[{"name":"wp","href":"https:\/\/api.w.org\/{rel}","templated":true}]}}