{"id":11190,"date":"2024-08-06T10:49:17","date_gmt":"2024-08-06T07:49:17","guid":{"rendered":"https:\/\/pp.314tester.eu\/responsabilita-sociale\/"},"modified":"2024-08-06T22:14:10","modified_gmt":"2024-08-06T19:14:10","slug":"responsabilita-sociale","status":"publish","type":"page","link":"https:\/\/patrasport.gr\/it\/responsabilita-sociale\/","title":{"rendered":"Responsabilit\u00e0 Sociale"},"content":{"rendered":"\t\t<div data-elementor-type=\"wp-page\" data-elementor-id=\"11190\" class=\"elementor elementor-11190 elementor-10719\" data-elementor-post-type=\"page\">\n\t\t\t\t<div class=\"elementor-element elementor-element-7af0a31 e-flex e-con-boxed e-con e-parent\" data-id=\"7af0a31\" data-element_type=\"container\" data-e-type=\"container\">\n\t\t\t\t\t<div class=\"e-con-inner\">\n\t\t\t\t<div class=\"elementor-element elementor-element-646718c elementor-widget elementor-widget-heading\" data-id=\"646718c\" data-element_type=\"widget\" data-e-type=\"widget\" data-widget_type=\"heading.default\">\n\t\t\t\t<div class=\"elementor-widget-container\">\n\t\t\t\t\t<h2 class=\"elementor-heading-title elementor-size-default\">Responsabilit\u00e0 Sociale<\/h2>\t\t\t\t<\/div>\n\t\t\t\t<\/div>\n\t\t\t\t<div class=\"elementor-element elementor-element-9a5a330 elementor-widget-divider--view-line elementor-widget elementor-widget-divider\" data-id=\"9a5a330\" data-element_type=\"widget\" data-e-type=\"widget\" data-widget_type=\"divider.default\">\n\t\t\t\t<div class=\"elementor-widget-container\">\n\t\t\t\t\t\t\t<div class=\"elementor-divider\">\n\t\t\t<span class=\"elementor-divider-separator\">\n\t\t\t\t\t\t<\/span>\n\t\t<\/div>\n\t\t\t\t\t\t<\/div>\n\t\t\t\t<\/div>\n\t\t\t\t<div class=\"elementor-element elementor-element-f97d780 elementor-widget elementor-widget-text-editor\" data-id=\"f97d780\" data-element_type=\"widget\" data-e-type=\"widget\" data-widget_type=\"text-editor.default\">\n\t\t\t\t<div class=\"elementor-widget-container\">\n\t\t\t\t\t\t\t\t\t<p>O.L.P.A. \u00e8 un&#8217;organizzazione strettamente legata alla comunit\u00e0 in cui opera, che influenza e viene influenzata dalle condizioni attuali e dal contesto delle sue attivit\u00e0.<\/p>\n<div>Riconoscendo pienamente la propria responsabilit\u00e0 nei confronti della societ\u00e0 e dell&#8217;ambiente e rispettando i principi e i valori che definiscono la nostra cultura (come il rispetto per gli individui, la dignit\u00e0 umana e l&#8217;offerta di pari opportunit\u00e0, nonch\u00e9 il rispetto per l&#8217;ambiente che abbiamo ereditato e il miglioramento degli standard di vita e della qualit\u00e0 della vita), O.L.P.A. si impegna in un&#8217;ampia gamma di iniziative mirate di responsabilit\u00e0 sociale d&#8217;impresa.<\/div>\n\t\t\t\t\t\t\t\t<\/div>\n\t\t\t\t<\/div>\n\t\t\t\t<div class=\"elementor-element elementor-element-48455bc elementor-widget elementor-widget-heading\" data-id=\"48455bc\" data-element_type=\"widget\" data-e-type=\"widget\" data-widget_type=\"heading.default\">\n\t\t\t\t<div class=\"elementor-widget-container\">\n\t\t\t\t\t<h2 class=\"elementor-heading-title elementor-size-default\">Archivio<\/h2>\t\t\t\t<\/div>\n\t\t\t\t<\/div>\n\t\t\t\t<div class=\"elementor-element elementor-element-8dff1db elementor-widget-divider--view-line elementor-widget elementor-widget-divider\" data-id=\"8dff1db\" data-element_type=\"widget\" data-e-type=\"widget\" data-widget_type=\"divider.default\">\n\t\t\t\t<div class=\"elementor-widget-container\">\n\t\t\t\t\t\t\t<div class=\"elementor-divider\">\n\t\t\t<span class=\"elementor-divider-separator\">\n\t\t\t\t\t\t<\/span>\n\t\t<\/div>\n\t\t\t\t\t\t<\/div>\n\t\t\t\t<\/div>\n\t\t\t\t<div class=\"elementor-element elementor-element-11cbd0f elementor-widget elementor-widget-button\" data-id=\"11cbd0f\" data-element_type=\"widget\" data-e-type=\"widget\" data-widget_type=\"button.default\">\n\t\t\t\t<div class=\"elementor-widget-container\">\n\t\t\t\t\t\t\t\t\t<div class=\"elementor-button-wrapper\">\n\t\t\t\t\t<a class=\"elementor-button elementor-button-link elementor-size-sm\" href=\"https:\/\/patrasport.gr\/wp-content\/uploads\/2024\/02\/apofash_DS_OLPA_.pdf\" target=\"_blank\" download=\"https:\/\/patrasport.gr\/wp-content\/uploads\/2024\/02\/apofash_DS_OLPA_.pdf\">\n\t\t\t\t\t\t<span class=\"elementor-button-content-wrapper\">\n\t\t\t\t\t\t<span class=\"elementor-button-icon\">\n\t\t\t\t<i aria-hidden=\"true\" class=\"fas fa-file-download\"><\/i>\t\t\t<\/span>\n\t\t\t\t\t\t\t\t\t<span class=\"elementor-button-text\">Estratto del verbale di una riunione del Consiglio di Amministrazione di PPA S.A. (lingua GR)<\/span>\n\t\t\t\t\t<\/span>\n\t\t\t\t\t<\/a>\n\t\t\t\t<\/div>\n\t\t\t\t\t\t\t\t<\/div>\n\t\t\t\t<\/div>\n\t\t\t\t\t<\/div>\n\t\t\t\t<\/div>\n\t\t\t\t<\/div>\n\t\t","protected":false},"excerpt":{"rendered":"<p>Responsabilit\u00e0 Sociale O.L.P.A. \u00e8 un&#8217;organizzazione strettamente legata alla comunit\u00e0 in cui opera, che influenza e viene influenzata dalle condizioni attuali e dal contesto delle sue attivit\u00e0. Riconoscendo pienamente la propria responsabilit\u00e0 nei confronti della societ\u00e0 e dell&#8217;ambiente e rispettando i principi e i valori che definiscono la nostra cultura (come il rispetto per gli individui, [&hellip;]<\/p>\n","protected":false},"author":3,"featured_media":0,"parent":0,"menu_order":0,"comment_status":"closed","ping_status":"closed","template":"","meta":{"footnotes":""},"class_list":["post-11190","page","type-page","status-publish","hentry"],"_links":{"self":[{"href":"https:\/\/patrasport.gr\/it\/wp-json\/wp\/v2\/pages\/11190","targetHints":{"allow":["GET"]}}],"collection":[{"href":"https:\/\/patrasport.gr\/it\/wp-json\/wp\/v2\/pages"}],"about":[{"href":"https:\/\/patrasport.gr\/it\/wp-json\/wp\/v2\/types\/page"}],"author":[{"embeddable":true,"href":"https:\/\/patrasport.gr\/it\/wp-json\/wp\/v2\/users\/3"}],"replies":[{"embeddable":true,"href":"https:\/\/patrasport.gr\/it\/wp-json\/wp\/v2\/comments?post=11190"}],"version-history":[{"count":0,"href":"https:\/\/patrasport.gr\/it\/wp-json\/wp\/v2\/pages\/11190\/revisions"}],"wp:attachment":[{"href":"https:\/\/patrasport.gr\/it\/wp-json\/wp\/v2\/media?parent=11190"}],"curies":[{"name":"wp","href":"https:\/\/api.w.org\/{rel}","templated":true}]}}