{"id":11159,"date":"2024-02-16T13:43:06","date_gmt":"2024-02-16T11:43:06","guid":{"rendered":"https:\/\/pp.314tester.eu\/olpa-sa-autorita-portuale-di-patras\/politica-della-qualita\/"},"modified":"2024-08-06T21:49:29","modified_gmt":"2024-08-06T18:49:29","slug":"politica-della-qualita","status":"publish","type":"page","link":"https:\/\/patrasport.gr\/it\/olpa-sa-autorita-portuale-di-patras\/politica-della-qualita\/","title":{"rendered":"Politica della qualit\u00e0"},"content":{"rendered":"\t\t<div data-elementor-type=\"wp-page\" data-elementor-id=\"11159\" class=\"elementor elementor-11159 elementor-10773\" data-elementor-post-type=\"page\">\n\t\t\t\t<div class=\"elementor-element elementor-element-d17f016 e-flex e-con-boxed e-con e-parent\" data-id=\"d17f016\" data-element_type=\"container\" data-e-type=\"container\">\n\t\t\t\t\t<div class=\"e-con-inner\">\n\t\t\t\t<div class=\"elementor-element elementor-element-cfcf45d elementor-widget elementor-widget-heading\" data-id=\"cfcf45d\" data-element_type=\"widget\" data-e-type=\"widget\" data-widget_type=\"heading.default\">\n\t\t\t\t<div class=\"elementor-widget-container\">\n\t\t\t\t\t<h2 class=\"elementor-heading-title elementor-size-default\">Politica della qualit\u00e0 <\/h2>\t\t\t\t<\/div>\n\t\t\t\t<\/div>\n\t\t\t\t<div class=\"elementor-element elementor-element-7923d37 elementor-widget-divider--view-line elementor-widget elementor-widget-divider\" data-id=\"7923d37\" data-element_type=\"widget\" data-e-type=\"widget\" data-widget_type=\"divider.default\">\n\t\t\t\t<div class=\"elementor-widget-container\">\n\t\t\t\t\t\t\t<div class=\"elementor-divider\">\n\t\t\t<span class=\"elementor-divider-separator\">\n\t\t\t\t\t\t<\/span>\n\t\t<\/div>\n\t\t\t\t\t\t<\/div>\n\t\t\t\t<\/div>\n\t\t\t\t<div class=\"elementor-element elementor-element-6b8faa2 elementor-widget elementor-widget-tp-info-box\" data-id=\"6b8faa2\" data-element_type=\"widget\" data-e-type=\"widget\" data-widget_type=\"tp-info-box.default\">\n\t\t\t\t<div class=\"elementor-widget-container\">\n\t\t\t\t\t<div id=\"info_box69eb6a5a62910\" class=\"pt_plus_info_box hover_normal    info_box69eb6a5a62910 info-box-style_1      \"  data-id=\"info_box69eb6a5a62910\"    dir= data-connection=\"\" data-eventtype=\"\" ><div class=\"post-inner-loop \"><div class=\"info-box-inner content_hover_effect  tp-info-nc\"   ><div class=\"info-box-bg-box   \"><div class=\"service-media text-left  \"><div class=\"m-r-16  service-img-border\"  style=\"border-color: #252525;\"> <img decoding=\"async\" width=\"200\" height=\"93\" src=\"https:\/\/patrasport.gr\/wp-content\/uploads\/2024\/02\/bv-9001.png\" class=\"service-img\" alt=\"\" \/> <\/div><div class=\"service-content \"><div class=\"service-title \"> Sistema di gestione della qualit\u00e0 <\/div><div class=\"service-border\"> <\/div><div class=\"service-desc\"> <p>THE O.L.P.A. S.A. ha ottenuto il Certificato e applica un Sistema di Gestione della Qualit\u00e0 secondo la norma<a href=\"https:\/\/patrasport.gr\/wp-content\/uploads\/2024\/02\/Certificate-GR003705-OLPA-9k-e_certificate-greek.pdf\" target=\"_blank\" rel=\"noopener\"><span style=\"text-decoration: underline\"> ISO 9001:2015<\/span><\/a> per la gestione e l'operativit\u00e0 del porto che comprende i servizi amministrativi, l'operativit\u00e0 e la gestione del patrimonio immobiliare del porto, la gestione dell'attracco delle navi, la gestione della movimentazione dei carichi, compresi i carichi solidi alla rinfusa, la gestione dei rifiuti, la manutenzione delle attrezzature, la manutenzione delle infrastrutture logistiche, lo sviluppo dei servizi e delle infrastrutture logistiche del porto.<\/p>\n <\/div><\/div><\/div><div class=\"infobox-overlay-color \"><\/div><\/div><\/div><\/div><\/div>\t\t\t\t<\/div>\n\t\t\t\t<\/div>\n\t\t\t\t<div class=\"elementor-element elementor-element-6b48934 elementor-widget elementor-widget-tp-info-box\" data-id=\"6b48934\" data-element_type=\"widget\" data-e-type=\"widget\" data-widget_type=\"tp-info-box.default\">\n\t\t\t\t<div class=\"elementor-widget-container\">\n\t\t\t\t\t<div id=\"info_box69eb6a5a63380\" class=\"pt_plus_info_box hover_normal    info_box69eb6a5a63380 info-box-style_1      \"  data-id=\"info_box69eb6a5a63380\"    dir= data-connection=\"\" data-eventtype=\"\" ><div class=\"post-inner-loop \"><div class=\"info-box-inner content_hover_effect  tp-info-nc\"   ><div class=\"info-box-bg-box   \"><div class=\"service-media text-left  \"><div class=\"m-r-16  service-img-border\"  style=\"border-color: #252525;\"> <img decoding=\"async\" width=\"200\" height=\"93\" src=\"https:\/\/patrasport.gr\/wp-content\/uploads\/2024\/02\/bv-14001.png\" class=\"service-img\" alt=\"\" \/> <\/div><div class=\"service-content \"><div class=\"service-title \"> Sistema di gestione ambientale <\/div><div class=\"service-border\"> <\/div><div class=\"service-desc\"> <p>Ha inoltre ottenuto la certificazione e implementa un Sistema di Gestione Ambientale in conformit\u00e0 ai requisiti della norma secondo la<a href=\"https:\/\/patrasport.gr\/wp-content\/uploads\/2024\/02\/Certificate-GR003704-OLPA-14k-e_certificate-greek.pdf\" target=\"_blank\" rel=\"noopener\"><span style=\"text-decoration: underline\"> ISO 14001:2015.<\/span><\/a><\/p>\n <\/div><\/div><\/div><div class=\"infobox-overlay-color \"><\/div><\/div><\/div><\/div><\/div>\t\t\t\t<\/div>\n\t\t\t\t<\/div>\n\t\t\t\t<div class=\"elementor-element elementor-element-a750ba1 elementor-widget elementor-widget-text-editor\" data-id=\"a750ba1\" data-element_type=\"widget\" data-e-type=\"widget\" data-widget_type=\"text-editor.default\">\n\t\t\t\t<div class=\"elementor-widget-container\">\n\t\t\t\t\t\t\t\t\t<p>Le due certificazioni sono state effettuate in conformit\u00e0 alla Procedura di Ispezione e Certificazione da parte di<strong>&#8220;BUREAU VERITAS<\/strong>&#8220;, uno degli enti pi\u00f9 rinomati nel campo delle spedizioni e dei porti e dimostrano l&#8217;impegno dell&#8217;Autorit\u00e0 Portuale di Patrasso S.A. nel fornire un alto livello di servizi affidabili agli utenti e a coloro che hanno a che fare con essa.<\/p>\n<p>Si veda di seguito la Dichiarazione di Politica di Gestione della Qualit\u00e0 e dell&#8217;Ambiente di PPA S.A.<\/p>\n\t\t\t\t\t\t\t\t<\/div>\n\t\t\t\t<\/div>\n\t\t\t\t<div class=\"elementor-element elementor-element-4806716 elementor-widget elementor-widget-spacer\" data-id=\"4806716\" data-element_type=\"widget\" data-e-type=\"widget\" data-widget_type=\"spacer.default\">\n\t\t\t\t<div class=\"elementor-widget-container\">\n\t\t\t\t\t\t\t<div class=\"elementor-spacer\">\n\t\t\t<div class=\"elementor-spacer-inner\"><\/div>\n\t\t<\/div>\n\t\t\t\t\t\t<\/div>\n\t\t\t\t<\/div>\n\t\t\t\t<div class=\"elementor-element elementor-element-28d62f2 elementor-widget elementor-widget-heading\" data-id=\"28d62f2\" data-element_type=\"widget\" data-e-type=\"widget\" data-widget_type=\"heading.default\">\n\t\t\t\t<div class=\"elementor-widget-container\">\n\t\t\t\t\t<h2 class=\"elementor-heading-title elementor-size-default\">Archivio<\/h2>\t\t\t\t<\/div>\n\t\t\t\t<\/div>\n\t\t\t\t<div class=\"elementor-element elementor-element-786d9c6 elementor-widget-divider--view-line elementor-widget elementor-widget-divider\" data-id=\"786d9c6\" data-element_type=\"widget\" data-e-type=\"widget\" data-widget_type=\"divider.default\">\n\t\t\t\t<div class=\"elementor-widget-container\">\n\t\t\t\t\t\t\t<div class=\"elementor-divider\">\n\t\t\t<span class=\"elementor-divider-separator\">\n\t\t\t\t\t\t<\/span>\n\t\t<\/div>\n\t\t\t\t\t\t<\/div>\n\t\t\t\t<\/div>\n\t\t\t\t\t<\/div>\n\t\t\t\t<\/div>\n\t\t<div class=\"elementor-element elementor-element-7c813cf e-grid e-con-boxed e-con e-parent\" data-id=\"7c813cf\" data-element_type=\"container\" data-e-type=\"container\">\n\t\t\t\t\t<div class=\"e-con-inner\">\n\t\t\t\t<div class=\"elementor-element elementor-element-561eef1 elementor-align-left elementor-widget elementor-widget-button\" data-id=\"561eef1\" data-element_type=\"widget\" data-e-type=\"widget\" data-widget_type=\"button.default\">\n\t\t\t\t<div class=\"elementor-widget-container\">\n\t\t\t\t\t\t\t\t\t<div class=\"elementor-button-wrapper\">\n\t\t\t\t\t<a class=\"elementor-button elementor-button-link elementor-size-sm\" href=\"https:\/\/patrasport.gr\/wp-content\/uploads\/2024\/02\/OLPA_POLITIKI-POIOTHTAS-ISO.pdf\" https=\"\">\n\t\t\t\t\t\t<span class=\"elementor-button-content-wrapper\">\n\t\t\t\t\t\t<span class=\"elementor-button-icon\">\n\t\t\t\t<i aria-hidden=\"true\" class=\"fas fa-file-download\"><\/i>\t\t\t<\/span>\n\t\t\t\t\t\t\t\t\t<span class=\"elementor-button-text\">POLITICA DI QUALIT\u00c0 ISO<\/span>\n\t\t\t\t\t<\/span>\n\t\t\t\t\t<\/a>\n\t\t\t\t<\/div>\n\t\t\t\t\t\t\t\t<\/div>\n\t\t\t\t<\/div>\n\t\t\t\t<div class=\"elementor-element elementor-element-c161f47 elementor-align-left elementor-widget elementor-widget-button\" data-id=\"c161f47\" data-element_type=\"widget\" data-e-type=\"widget\" data-widget_type=\"button.default\">\n\t\t\t\t<div class=\"elementor-widget-container\">\n\t\t\t\t\t\t\t\t\t<div class=\"elementor-button-wrapper\">\n\t\t\t\t\t<a class=\"elementor-button elementor-button-link elementor-size-sm\" href=\"https:\/\/patrasport.gr\/wp-content\/uploads\/2024\/02\/Certificate-GR003705-OLPA-9k-e_certificate-greek.pdf\" download=\"https:\/\/patrasport.gr\/wp-content\/uploads\/2024\/02\/Certificate-GR003705-OLPA-9k-e_certificate-greek.pdf\">\n\t\t\t\t\t\t<span class=\"elementor-button-content-wrapper\">\n\t\t\t\t\t\t<span class=\"elementor-button-icon\">\n\t\t\t\t<i aria-hidden=\"true\" class=\"fas fa-file-download\"><\/i>\t\t\t<\/span>\n\t\t\t\t\t\t\t\t\t<span class=\"elementor-button-text\">CERTIFICATO ISO 9001:2015 GR<\/span>\n\t\t\t\t\t<\/span>\n\t\t\t\t\t<\/a>\n\t\t\t\t<\/div>\n\t\t\t\t\t\t\t\t<\/div>\n\t\t\t\t<\/div>\n\t\t\t\t<div class=\"elementor-element elementor-element-cdf242b elementor-align-left elementor-widget elementor-widget-button\" data-id=\"cdf242b\" data-element_type=\"widget\" data-e-type=\"widget\" data-widget_type=\"button.default\">\n\t\t\t\t<div class=\"elementor-widget-container\">\n\t\t\t\t\t\t\t\t\t<div class=\"elementor-button-wrapper\">\n\t\t\t\t\t<a class=\"elementor-button elementor-button-link elementor-size-sm\" href=\"https:\/\/patrasport.gr\/wp-content\/uploads\/2024\/02\/Certificate-GR003705-OLPA-9k-e_certificate-english.pdf\" download=\"https:\/\/patrasport.gr\/wp-content\/uploads\/2024\/02\/Certificate-GR003705-OLPA-9k-e_certificate-english.pdf\">\n\t\t\t\t\t\t<span class=\"elementor-button-content-wrapper\">\n\t\t\t\t\t\t<span class=\"elementor-button-icon\">\n\t\t\t\t<i aria-hidden=\"true\" class=\"fas fa-file-download\"><\/i>\t\t\t<\/span>\n\t\t\t\t\t\t\t\t\t<span class=\"elementor-button-text\">CERTIFICATO ISO 9001:2015 IT<\/span>\n\t\t\t\t\t<\/span>\n\t\t\t\t\t<\/a>\n\t\t\t\t<\/div>\n\t\t\t\t\t\t\t\t<\/div>\n\t\t\t\t<\/div>\n\t\t\t\t<div class=\"elementor-element elementor-element-e08fafd elementor-align-left elementor-widget elementor-widget-button\" data-id=\"e08fafd\" data-element_type=\"widget\" data-e-type=\"widget\" data-widget_type=\"button.default\">\n\t\t\t\t<div class=\"elementor-widget-container\">\n\t\t\t\t\t\t\t\t\t<div class=\"elementor-button-wrapper\">\n\t\t\t\t\t<a class=\"elementor-button elementor-button-link elementor-size-sm\" href=\"https:\/\/patrasport.gr\/wp-content\/uploads\/2024\/02\/Certificate-GR003704-OLPA-14k-e_certificate-greek.pdf\" download=\"https:\/\/patrasport.gr\/wp-content\/uploads\/2024\/02\/Certificate-GR003704-OLPA-14k-e_certificate-greek.pdf\">\n\t\t\t\t\t\t<span class=\"elementor-button-content-wrapper\">\n\t\t\t\t\t\t<span class=\"elementor-button-icon\">\n\t\t\t\t<i aria-hidden=\"true\" class=\"fas fa-file-download\"><\/i>\t\t\t<\/span>\n\t\t\t\t\t\t\t\t\t<span class=\"elementor-button-text\">CERTIFICATO ISO 14001:2015 GR<\/span>\n\t\t\t\t\t<\/span>\n\t\t\t\t\t<\/a>\n\t\t\t\t<\/div>\n\t\t\t\t\t\t\t\t<\/div>\n\t\t\t\t<\/div>\n\t\t\t\t<div class=\"elementor-element elementor-element-46809e2 elementor-align-left elementor-widget elementor-widget-button\" data-id=\"46809e2\" data-element_type=\"widget\" data-e-type=\"widget\" data-widget_type=\"button.default\">\n\t\t\t\t<div class=\"elementor-widget-container\">\n\t\t\t\t\t\t\t\t\t<div class=\"elementor-button-wrapper\">\n\t\t\t\t\t<a class=\"elementor-button elementor-button-link elementor-size-sm\" href=\"https:\/\/patrasport.gr\/wp-content\/uploads\/2024\/02\/Certificate-GR003704-OLPA-14k-e_certificate-english.pdf\" target=\"_blank\" download=\"https:\/\/patrasport.gr\/wp-content\/uploads\/2024\/02\/Certificate-GR003704-OLPA-14k-e_certificate-english.pdf\">\n\t\t\t\t\t\t<span class=\"elementor-button-content-wrapper\">\n\t\t\t\t\t\t<span class=\"elementor-button-icon\">\n\t\t\t\t<i aria-hidden=\"true\" class=\"fas fa-file-download\"><\/i>\t\t\t<\/span>\n\t\t\t\t\t\t\t\t\t<span class=\"elementor-button-text\">CERTIFICATO ISO 14001:2015 IT<\/span>\n\t\t\t\t\t<\/span>\n\t\t\t\t\t<\/a>\n\t\t\t\t<\/div>\n\t\t\t\t\t\t\t\t<\/div>\n\t\t\t\t<\/div>\n\t\t\t\t\t<\/div>\n\t\t\t\t<\/div>\n\t\t\t\t<\/div>\n\t\t","protected":false},"excerpt":{"rendered":"<p>Politica della qualit\u00e0 Sistema di gestione della qualit\u00e0 THE O.L.P.A. S.A. ha ottenuto il Certificato e applica un Sistema di Gestione della Qualit\u00e0 secondo la norma ISO 9001:2015 per la gestione e l&#8217;operativit\u00e0 del porto che comprende i servizi amministrativi, l&#8217;operativit\u00e0 e la gestione del patrimonio immobiliare del porto, la gestione dell&#8217;attracco delle navi, la [&hellip;]<\/p>\n","protected":false},"author":3,"featured_media":0,"parent":11141,"menu_order":0,"comment_status":"closed","ping_status":"closed","template":"","meta":{"footnotes":""},"class_list":["post-11159","page","type-page","status-publish","hentry"],"_links":{"self":[{"href":"https:\/\/patrasport.gr\/it\/wp-json\/wp\/v2\/pages\/11159","targetHints":{"allow":["GET"]}}],"collection":[{"href":"https:\/\/patrasport.gr\/it\/wp-json\/wp\/v2\/pages"}],"about":[{"href":"https:\/\/patrasport.gr\/it\/wp-json\/wp\/v2\/types\/page"}],"author":[{"embeddable":true,"href":"https:\/\/patrasport.gr\/it\/wp-json\/wp\/v2\/users\/3"}],"replies":[{"embeddable":true,"href":"https:\/\/patrasport.gr\/it\/wp-json\/wp\/v2\/comments?post=11159"}],"version-history":[{"count":0,"href":"https:\/\/patrasport.gr\/it\/wp-json\/wp\/v2\/pages\/11159\/revisions"}],"up":[{"embeddable":true,"href":"https:\/\/patrasport.gr\/it\/wp-json\/wp\/v2\/pages\/11141"}],"wp:attachment":[{"href":"https:\/\/patrasport.gr\/it\/wp-json\/wp\/v2\/media?parent=11159"}],"curies":[{"name":"wp","href":"https:\/\/api.w.org\/{rel}","templated":true}]}}