{"id":11149,"date":"2024-08-06T14:46:01","date_gmt":"2024-08-06T11:46:01","guid":{"rendered":"https:\/\/pp.314tester.eu\/olpa-sa-autorita-portuale-di-patras\/informativa-sui-cookie\/"},"modified":"2024-08-06T21:40:05","modified_gmt":"2024-08-06T18:40:05","slug":"informativa-sui-cookie","status":"publish","type":"page","link":"https:\/\/patrasport.gr\/it\/olpa-sa-autorita-portuale-di-patras\/informativa-sui-cookie\/","title":{"rendered":"Informativa sui cookie"},"content":{"rendered":"\t\t<div data-elementor-type=\"wp-page\" data-elementor-id=\"11149\" class=\"elementor elementor-11149 elementor-10777\" data-elementor-post-type=\"page\">\n\t\t\t\t<div class=\"elementor-element elementor-element-0f53115 e-flex e-con-boxed e-con e-parent\" data-id=\"0f53115\" data-element_type=\"container\" data-e-type=\"container\">\n\t\t\t\t\t<div class=\"e-con-inner\">\n\t\t\t\t<div class=\"elementor-element elementor-element-1039dd1 elementor-widget elementor-widget-heading\" data-id=\"1039dd1\" data-element_type=\"widget\" data-e-type=\"widget\" data-widget_type=\"heading.default\">\n\t\t\t\t<div class=\"elementor-widget-container\">\n\t\t\t\t\t<h2 class=\"elementor-heading-title elementor-size-default\">Informativa sui cookie<\/h2>\t\t\t\t<\/div>\n\t\t\t\t<\/div>\n\t\t\t\t<div class=\"elementor-element elementor-element-7b29ecc elementor-widget-divider--view-line elementor-widget elementor-widget-divider\" data-id=\"7b29ecc\" data-element_type=\"widget\" data-e-type=\"widget\" data-widget_type=\"divider.default\">\n\t\t\t\t<div class=\"elementor-widget-container\">\n\t\t\t\t\t\t\t<div class=\"elementor-divider\">\n\t\t\t<span class=\"elementor-divider-separator\">\n\t\t\t\t\t\t<\/span>\n\t\t<\/div>\n\t\t\t\t\t\t<\/div>\n\t\t\t\t<\/div>\n\t\t\t\t\t<\/div>\n\t\t\t\t<\/div>\n\t\t<div class=\"elementor-element elementor-element-fd67e72 e-flex e-con-boxed e-con e-parent\" data-id=\"fd67e72\" data-element_type=\"container\" data-e-type=\"container\">\n\t\t\t\t\t<div class=\"e-con-inner\">\n\t\t\t\t<div class=\"elementor-element elementor-element-7d93067 elementor-widget elementor-widget-text-editor\" data-id=\"7d93067\" data-element_type=\"widget\" data-e-type=\"widget\" data-widget_type=\"text-editor.default\">\n\t\t\t\t<div class=\"elementor-widget-container\">\n\t\t\t\t\t\t\t\t\t<p>Lo scopo dell&#8217;informativa \u00e8 quello di informare gli utenti sull&#8217;uso dei cookie nel sito web patrasport.gr e sulla necessit\u00e0 di ottenere il consenso dell&#8217;utente a tale scopo.<\/p>\n<h5> <\/h5>\n<h5><strong>Cosa sono i &#8220;cookies&#8221;?<\/strong><\/h5>\n<p>I &#8220;cookie&#8221; sono piccoli file contenenti informazioni che un sito web (nello specifico il server web) memorizza sul computer\/tablet\/cellulare dell&#8217;utente, in modo che ogni volta che l&#8217;utente si collega al sito web, quest&#8217;ultimo recuperi queste informazioni e offra all&#8217;utente servizi pertinenti.<\/p>\n<p>Un esempio tipico di tali informazioni sono le preferenze dell&#8217;utente su un sito web, come indicato dalle scelte che l&#8217;utente fa su quel sito (ad esempio la selezione di specifici &#8220;pulsanti&#8221;, ricerche, pubblicit\u00e0, ecc.)<\/p>\n<h5> <\/h5>\n<h5><strong>Quale legge si applica? <\/strong><\/h5>\n<p>I cookie sono disciplinati dalla direttiva e-privacy 2002\/58\/CE, modificata dalla direttiva 2009\/136\/CE (che \u00e8 stata incorporata nella legislazione greca dalla legge 3471\/2006), come esplicitamente previsto dal considerando 173 del regolamento sulla protezione dei dati 2016\/679. Secondo l&#8217;attuale legge N3471\/2006 (si veda l&#8217;articolo 4 comma 5 di questa legge come modificato dall&#8217;articolo 170 N 4070\/2012) &#8220;L&#8217;installazione di &#8220;cookie&#8221; \u00e8 consentita solo con il consenso dell&#8217;utente e dopo un&#8217;adeguata informativa&#8221;. Durante la prima visita dell&#8217;utente al sito web https:\/\/www.patrasport.gr\/ viene visualizzata una finestra pop-up in cui l&#8217;utente pu\u00f2 esprimere il proprio consenso all&#8217;installazione dei cookie specificamente indicati, che sono cookie non funzionali volti a migliorare i servizi presentati sul Sito.  <\/p>\n<h5> <\/h5>\n<h5><strong>Quali cookie sono installati?<\/strong><\/h5>\n<p><strong>\u0391. Con il tuo consenso:  <\/strong><\/p>\n<p>Non vengono installati cookie di alcun tipo, ad eccezione di quelli funzionali necessari a<br \/>.<\/p>\n<p><strong>\u0392. Senza il tuo consenso  <\/strong><\/p>\n<p>Esistono &#8220;cookie&#8221; che sono stati valutati dal Gruppo di Lavoro Articolo 29* come necessari dal punto di vista tecnico-funzionale per la realizzazione della connessione al sito web o per la fornitura del servizio internet. Per questi la legge non richiede il consenso preventivo.  <\/p>\n<p>Questi sono (vedi anche il parere Wp29 4\/2012).<\/p>\n<ul>\n<li>I &#8220;cookie&#8221; che sono necessari per l&#8217;identificazione e\/o la conservazione dei contenuti inseriti dall&#8217;abbonato o dall&#8217;utente durante una sessione su un sito web per tutta la durata della connessione specifica. (Ad esempio, tali &#8220;cookie&#8221; sono necessari quando l&#8217;utente compila un modulo online).  <\/li>\n<li>La stessa categoria comprende i &#8220;cookie persistenti&#8221; che vengono installati per lo stesso scopo e durano alcune ore.<\/li>\n<li>Cookie&#8221; che sono necessari per l&#8217;autenticazione dell&#8217;abbonato o dell&#8217;utente ai servizi che richiedono l&#8217;autenticazione.<\/li>\n<li>&#8220;Cookie&#8221; installati ai fini della sicurezza dell&#8217;abbonato o dell&#8217;utente, come ad esempio i &#8220;cookie&#8221; che rilevano i ripetuti tentativi falliti di accedere all&#8217;account di un utente su un determinato sito web.<\/li>\n<li>&#8220;Cookie&#8221; con contenuti multimediali, come i &#8220;cookie&#8221; di flash player, durante una sessione su un sito web. Tali cookie sono, ad esempio, &#8220;cookie&#8221; che vengono installati quando viene mostrato un video sul sito web visitato dall&#8217;utente &#8220;cookie&#8221; che sono necessari per eseguire la tecnica di bilanciamento del carico su una connessione a un sito Internet.  <\/li>\n<li>&#8220;Cookie&#8221; che &#8220;ricordano&#8221; le scelte dell&#8217;abbonato o dell&#8217;utente in merito alla presentazione del sito web (ad esempio &#8220;cookie&#8221; relativi alla scelta della lingua o alla presentazione dei risultati di ricerca su un sito web).<\/li>\n<li>I &#8220;cookie&#8221; che vengono installati attraverso i plug-in dei siti di social network e riguardano la condivisione di contenuti tra membri autenticati che hanno gi\u00e0 effettuato l&#8217;accesso.<\/li>\n<\/ul>\n<h5> <\/h5>\n<h5><strong>Come controllare i cookie<\/strong><\/h5>\n<p>Puoi cancellare tutti i cookie gi\u00e0 presenti sul tuo computer e impostare la maggior parte dei browser in modo che non vengano installati. Tuttavia, in questo caso, potresti dover regolare da solo alcune preferenze ogni volta che visiti un sito web e alcuni servizi potrebbero non funzionare.  <\/p>\n<p>Per controllare e\/o eliminare i cookie in base ai tuoi desideri, puoi trovare i dettagli qui:<\/p>\n<p><a href=\"http:\/\/ec.europa.eu\/ipg\/basics\/legal\/cookies\/index_en.htm#section_2\" target=\"_blank\" rel=\"noopener\">http:\/\/ec.europa.eu\/ipg\/basics\/legal\/cookies\/index_en.htm#section_2<\/a><\/p>\n<p><a href=\"https:\/\/www.aboutcookies.org\/\" target=\"_blank\" rel=\"noopener\">https:\/\/www.aboutcookies.org\/<\/a><\/p>\n<h5> <\/h5>\n<h5><strong>Come posso accettare o rifiutare i cookie su questo sito?<\/strong><\/h5>\n<p>L&#8217;accettazione, la selezione o il rifiuto avvengono attraverso una finestra pop-up che appare alla prima visita del sito.<\/p>\n<\/p>\n<h5><strong>Come faccio a sapere se la politica sui cookie \u00e8 cambiata?<\/strong><\/h5>\n<p>Qualsiasi modifica alla presente politica sui cookie sar\u00e0 visualizzata tempestivamente sul sito web<br \/>.<\/p>\n<\/p>\n<h5><strong>Come posso contattare l&#8217;Agenzia?<\/strong><\/h5>\n<p>Se hai commenti o domande sul nostro sito web, contattaci.<\/p>\n\t\t\t\t\t\t\t\t<\/div>\n\t\t\t\t<\/div>\n\t\t\t\t<div class=\"elementor-element elementor-element-543aadc plus-border-yes elementor-widget elementor-widget-tp-table\" data-id=\"543aadc\" data-element_type=\"widget\" data-e-type=\"widget\" data-widget_type=\"tp-table.default\">\n\t\t\t\t<div class=\"elementor-widget-container\">\n\t\t\t\t\t\t\t\t<div itemscope class=\"plus-table-wrapper   tp-table-mobresswipe\" itemtype=\"http:\/\/schema.org\/Table\">\n\n\t\t\t\t<table id=\"plus-table-id-543aadc\" class=\"plus-table plus-text-break plus-column-rules\" data-sort-table=\"no\" data-show-entry=\"no\" data-searchable=\"no\">\n\t\t\t\t\t\t\t\t\t\t\t<thead> \n\t\t\t\t\t\t\t\t\t\t\t\t\t\t\t\t<tr class=\"plus-table-row\"> \n\t\t\t\t\t\t\t\t\t\t\t\t\t\t\t\t\t\t\t\t\t\t\t\t<th id=\"tooltip69e0314a87550\"data-sort=\"0\" class=\"sort-this elementor-repeater-item-732c918 plus-table-col\" data-local=\"true\"  scope=\"col\">\n\t\t\t\t\t\t\t\t\t\t\t<span class=\"sort-style\">\n\t\t\t\t\t\t\t\t\t\t\t<span class=\"plus-table__text\">\n\t\t\t\t\t\t\t\t\t\t\t\t\t\t\t\t\t\t\t\t\t\t\t<span class=\"plus-table__text-inner\">Nome della societ\u00e0<\/span>\n\t\t\t\t\t\t\t\t\t\t\t\t\t\t\t\t\t\t\t\t\t\t<\/span> \n\t\t\t\t\t\t\t\t\t\t\t\n\t\t\t\t\t\t\t\t\t\t\t\t\t\t\t\t\t\t\t\t\t\t<\/span>\n\t\t\t\t\t\t\t\t\t\t<\/th>\n\t\t\t\t\t\t\t\t\t\t\t\t\t\t\t\t\t\t\t\t<th id=\"tooltip69e0314a8755f\"data-sort=\"1\" class=\"sort-this elementor-repeater-item-76e6fd2 plus-table-col\" data-local=\"true\"  scope=\"col\">\n\t\t\t\t\t\t\t\t\t\t\t<span class=\"sort-style\">\n\t\t\t\t\t\t\t\t\t\t\t<span class=\"plus-table__text\">\n\t\t\t\t\t\t\t\t\t\t\t\t\t\t\t\t\t\t\t\t\t\t\t<span class=\"plus-table__text-inner\">Autorit\u00e0 portuale di Patrasso <\/span>\n\t\t\t\t\t\t\t\t\t\t\t\t\t\t\t\t\t\t\t\t\t\t<\/span> \n\t\t\t\t\t\t\t\t\t\t\t\n\t\t\t\t\t\t\t\t\t\t\t\t\t\t\t\t\t\t\t\t\t\t<\/span>\n\t\t\t\t\t\t\t\t\t\t<\/th>\n\t\t\t\t\t\t\t\t\t\t\t\t\t\t\t\t<\/thead> \n\t\t\t\t\t\t\n\t\t\t\t\t\t<tbody>\n\t\t\t\t\t\t\t<!-- ROWS -->\n\t\t\t\t\t\t\t\t\t\t\t\t\t\t\t\t\t\t<tr data-entry=\"1\" class=\"plus-table-row\">\n\t\t\t\t\t\t\t\t\t\t\t\t\t\t\t\t\t\t\t\t\t<td id=\"tooltip69e0314a87576\"class=\"plus-table-col elementor-repeater-item-c315d62\" data-title=\"Nome della societ\u00e0\">\n\t\t\t\t\t\t\t\t\t\t\t\t\t\t\t\t\t\t\t\t\t\t\t\t\t\t\t\t\t\t\t\t\t\t\t\t<span class=\"plus-table__text\">\n\t\t\t\t\t\t\t\t\t\t\t\t\t\t\t\t\t\t\t\t\t\t\t\t\t\t\t\t\t\t\t\t\t\t\t\t\t\t\t\t\t\t\t\t\t\t\t\t\t\t\t\t\t\t\t\t\t\t\t\t\t\t\t\t\t\t\t\t\t\t\t\t<span class=\"plus-table__text-inner\">Indirizzo <\/span>\n\t\t\t\t\t\t\t\t\t\t\t\t\t\t\t\t\t\t\t\t\t\t\t\t\t\t\t\t\t\t\t\t\t\t\t\t\t\t\t\t\t\t\t\t\t\t\t\t\t\t\t\t\t\t\t\t\t\t\t\t\t\t\t\t\t\t\t\t\t\t\t\t\t\t\t\t\t\t\t\t\t\t\t\t<\/span>\n\t\t\t\t\t\t\t\t\t\t\t\t\t\t\t\t\t\t\t\t\t\t\t\t\t\t\t\t\t\t\t\t\t<\/td>\n\t\t\t\t\t\t\t\t\t\t\t\t\t\t\t\t\t\t\t\t\t<td id=\"tooltip69e0314a875a4\"class=\"plus-table-col elementor-repeater-item-63692c3\" data-title=\"Autorit\u00e0 portuale di Patrasso \">\n\t\t\t\t\t\t\t\t\t\t\t\t\t\t\t\t\t\t\t\t\t\t\t\t\t\t\t\t\t\t\t\t\t\t\t\t<span class=\"plus-table__text\">\n\t\t\t\t\t\t\t\t\t\t\t\t\t\t\t\t\t\t\t\t\t\t\t\t\t\t\t\t\t\t\t\t\t\t\t\t\t\t\t\t\t\t\t\t\t\t\t\t\t\t\t\t\t\t\t\t\t\t\t\t\t\t\t\t\t\t\t\t\t\t\t\t<span class=\"plus-table__text-inner\">Edificio dei servizi del porto meridionale di Patrasso - Codice postale: 26333<\/span>\n\t\t\t\t\t\t\t\t\t\t\t\t\t\t\t\t\t\t\t\t\t\t\t\t\t\t\t\t\t\t\t\t\t\t\t\t\t\t\t\t\t\t\t\t\t\t\t\t\t\t\t\t\t\t\t\t\t\t\t\t\t\t\t\t\t\t\t\t\t\t\t\t\t\t\t\t\t\t\t\t\t\t\t\t<\/span>\n\t\t\t\t\t\t\t\t\t\t\t\t\t\t\t\t\t\t\t\t\t\t\t\t\t\t\t\t\t\t\t\t\t<\/td>\n\t\t\t\t\t\t\t\t\t\t\t\t\t\t\t\t\t\t\t\t\t\t<\/tr><tr data-entry=\"2\" class=\"plus-table-row\">\n\t\t\t\t\t\t\t\t\t\t\t\t\t\t\t\t\t\t\t\t\t<td id=\"tooltip69e0314a875c3\"class=\"plus-table-col elementor-repeater-item-ef00875\" data-title=\"Nome della societ\u00e0\">\n\t\t\t\t\t\t\t\t\t\t\t\t\t\t\t\t\t\t\t\t\t\t\t\t\t\t\t\t\t\t\t\t\t\t\t\t<span class=\"plus-table__text\">\n\t\t\t\t\t\t\t\t\t\t\t\t\t\t\t\t\t\t\t\t\t\t\t\t\t\t\t\t\t\t\t\t\t\t\t\t\t\t\t\t\t\t\t\t\t\t\t\t\t\t\t\t\t\t\t\t\t\t\t\t\t\t\t\t\t\t\t\t\t\t\t\t<span class=\"plus-table__text-inner\">Telefono <\/span>\n\t\t\t\t\t\t\t\t\t\t\t\t\t\t\t\t\t\t\t\t\t\t\t\t\t\t\t\t\t\t\t\t\t\t\t\t\t\t\t\t\t\t\t\t\t\t\t\t\t\t\t\t\t\t\t\t\t\t\t\t\t\t\t\t\t\t\t\t\t\t\t\t\t\t\t\t\t\t\t\t\t\t\t\t<\/span>\n\t\t\t\t\t\t\t\t\t\t\t\t\t\t\t\t\t\t\t\t\t\t\t\t\t\t\t\t\t\t\t\t\t<\/td>\n\t\t\t\t\t\t\t\t\t\t\t\t\t\t\t\t\t\t\t\t\t<td id=\"tooltip69e0314a87635\"class=\"plus-table-col elementor-repeater-item-f5fc572\" data-title=\"Autorit\u00e0 portuale di Patrasso \">\n\t\t\t\t\t\t\t\t\t\t\t\t\t\t\t\t\t\t\t\t\t\t\t\t\t\t\t\t\t\t\t\t\t\t\t\t<span class=\"plus-table__text\">\n\t\t\t\t\t\t\t\t\t\t\t\t\t\t\t\t\t\t\t\t\t\t\t\t\t\t\t\t\t\t\t\t\t\t\t\t\t\t\t\t\t\t\t\t\t\t\t\t\t\t\t\t\t\t\t\t\t\t\t\t\t\t\t\t\t\t\t\t\t\t\t\t\t\t\t\t\t\t\t\t\t\t\t\t\t\t\t\t\t\t\t\t\t\t\t\t\t\t\t\t\t\t\t\t\t\t\t\t\t\t\t\t\t\t<div class=\"pt_plus_button btn69e0314a87626 button-style-8 \"><a href=\"tel:2610%20365135%20\" target=\"_blank\" rel=\"nofollow\" class=\"button-link-wrap\" role=\"button\"  >2610 365135   <\/a><\/div>\t\t\t\t\t\t\t\t\t\t\t\t\t<\/span>\n\t\t\t\t\t\t\t\t\t\t\t\t\t\t\t\t\t\t\t\t\t\t\t\t\t\t\t\t\t\t\t\t\t<\/td>\n\t\t\t\t\t\t\t\t\t\t\t\t\t\t\t\t\t\t\t\t\t\t<\/tr><tr data-entry=\"3\" class=\"plus-table-row\">\n\t\t\t\t\t\t\t\t\t\t\t\t\t\t\t\t\t\t\t\t\t<td id=\"tooltip69e0314a87647\"class=\"plus-table-col elementor-repeater-item-6160096\" data-title=\"Nome della societ\u00e0\">\n\t\t\t\t\t\t\t\t\t\t\t\t\t\t\t\t\t\t\t\t\t\t\t\t\t\t\t\t\t\t\t\t\t\t\t\t<span class=\"plus-table__text\">\n\t\t\t\t\t\t\t\t\t\t\t\t\t\t\t\t\t\t\t\t\t\t\t\t\t\t\t\t\t\t\t\t\t\t\t\t\t\t\t\t\t\t\t\t\t\t\t\t\t\t\t\t\t\t\t\t\t\t\t\t\t\t\t\t\t\t\t\t\t\t\t\t<span class=\"plus-table__text-inner\">Email<\/span>\n\t\t\t\t\t\t\t\t\t\t\t\t\t\t\t\t\t\t\t\t\t\t\t\t\t\t\t\t\t\t\t\t\t\t\t\t\t\t\t\t\t\t\t\t\t\t\t\t\t\t\t\t\t\t\t\t\t\t\t\t\t\t\t\t\t\t\t\t\t\t\t\t\t\t\t\t\t\t\t\t\t\t\t\t<\/span>\n\t\t\t\t\t\t\t\t\t\t\t\t\t\t\t\t\t\t\t\t\t\t\t\t\t\t\t\t\t\t\t\t\t<\/td>\n\t\t\t\t\t\t\t\t\t\t\t\t\t\t\t\t\t\t\t\t\t<td id=\"tooltip69e0314a87683\"class=\"plus-table-col elementor-repeater-item-48e09f7\" data-title=\"Autorit\u00e0 portuale di Patrasso \">\n\t\t\t\t\t\t\t\t\t\t\t\t\t\t\t\t\t\t\t\t\t\t\t\t\t\t\t\t\t\t\t\t\t\t\t\t<span class=\"plus-table__text\">\n\t\t\t\t\t\t\t\t\t\t\t\t\t\t\t\t\t\t\t\t\t\t\t\t\t\t\t\t\t\t\t\t\t\t\t\t\t\t\t\t\t\t\t\t\t\t\t\t\t\t\t\t\t\t\t\t\t\t\t\t\t\t\t\t\t\t\t\t\t\t\t\t\t\t\t\t\t\t\t\t\t\t\t\t\t\t\t\t\t\t\t\t\t\t\t\t\t\t\t\t\t\t\t\t\t\t\t\t\t\t\t\t\t\t<div class=\"pt_plus_button btn69e0314a87679 button-style-8 \"><a href=\"mailto:info@patrasport.gr\" target=\"_blank\" rel=\"nofollow\" class=\"button-link-wrap\" role=\"button\"  >info@patrasport.gr<\/a><\/div>\t\t\t\t\t\t\t\t\t\t\t\t\t<\/span>\n\t\t\t\t\t\t\t\t\t\t\t\t\t\t\t\t\t\t\t\t\t\t\t\t\t\t\t\t\t\t\t\t\t<\/td>\n\t\t\t\t\t\t\t\t\t\t\t\t\t\t\t\t\t<\/tbody>\n\t\t\t\t<\/table>\n\n\t\t\t<\/div> \n\t\t\t<style><\/style>\t\t\t\t<\/div>\n\t\t\t\t<\/div>\n\t\t\t\t\t<\/div>\n\t\t\t\t<\/div>\n\t\t<div class=\"elementor-element elementor-element-c0d4396 e-flex e-con-boxed e-con e-parent\" data-id=\"c0d4396\" data-element_type=\"container\" data-e-type=\"container\">\n\t\t\t\t\t<div class=\"e-con-inner\">\n\t\t\t\t<div class=\"elementor-element elementor-element-91364a6 elementor-widget elementor-widget-spacer\" data-id=\"91364a6\" data-element_type=\"widget\" data-e-type=\"widget\" data-widget_type=\"spacer.default\">\n\t\t\t\t<div class=\"elementor-widget-container\">\n\t\t\t\t\t\t\t<div class=\"elementor-spacer\">\n\t\t\t<div class=\"elementor-spacer-inner\"><\/div>\n\t\t<\/div>\n\t\t\t\t\t\t<\/div>\n\t\t\t\t<\/div>\n\t\t\t\t<div class=\"elementor-element elementor-element-25b7134 elementor-widget elementor-widget-text-editor\" data-id=\"25b7134\" data-element_type=\"widget\" data-e-type=\"widget\" data-widget_type=\"text-editor.default\">\n\t\t\t\t<div class=\"elementor-widget-container\">\n\t\t\t\t\t\t\t\t\t<blockquote>\n<p><em>*Gruppo di lavoro articolo 29 (WP29): istituito ai sensi dell&#8217;articolo 29 della direttiva 95\/46\/CE relativa alla tutela delle persone fisiche con riguardo al trattamento dei dati personali, nonch\u00e9 alla libera circolazione di tali dati. Il Gruppo di lavoro \u00e8 un organo consultivo della Commissione europea, ma indipendente da essa. \u00c8 composto da un rappresentante delle autorit\u00e0 di protezione dei dati di ciascuno Stato membro ed esamina questioni di particolare importanza o di particolare interesse in relazione alla protezione dei dati personali che rientrano nel primo pilastro dell&#8217;UE. L&#8217;esame delle questioni viene effettuato su richiesta della Commissione europea o sulla base di una proposta dei membri del Gruppo di lavoro. Il gruppo di lavoro emette pareri e documenti di lavoro. Gi\u00e0 dopo l&#8217;attuazione del Regolamento 2016\/679, opera come Comitato Europeo per la Protezione dei Dati. <\/em><\/p>\n<\/blockquote>\n\t\t\t\t\t\t\t\t<\/div>\n\t\t\t\t<\/div>\n\t\t\t\t\t<\/div>\n\t\t\t\t<\/div>\n\t\t\t\t<\/div>\n\t\t","protected":false},"excerpt":{"rendered":"<p>Informativa sui cookie Lo scopo dell&#8217;informativa \u00e8 quello di informare gli utenti sull&#8217;uso dei cookie nel sito web patrasport.gr e sulla necessit\u00e0 di ottenere il consenso dell&#8217;utente a tale scopo. Cosa sono i &#8220;cookies&#8221;? I &#8220;cookie&#8221; sono piccoli file contenenti informazioni che un sito web (nello specifico il server web) memorizza sul computer\/tablet\/cellulare dell&#8217;utente, in [&hellip;]<\/p>\n","protected":false},"author":5,"featured_media":0,"parent":11141,"menu_order":0,"comment_status":"closed","ping_status":"closed","template":"","meta":{"footnotes":""},"class_list":["post-11149","page","type-page","status-publish","hentry"],"_links":{"self":[{"href":"https:\/\/patrasport.gr\/it\/wp-json\/wp\/v2\/pages\/11149","targetHints":{"allow":["GET"]}}],"collection":[{"href":"https:\/\/patrasport.gr\/it\/wp-json\/wp\/v2\/pages"}],"about":[{"href":"https:\/\/patrasport.gr\/it\/wp-json\/wp\/v2\/types\/page"}],"author":[{"embeddable":true,"href":"https:\/\/patrasport.gr\/it\/wp-json\/wp\/v2\/users\/5"}],"replies":[{"embeddable":true,"href":"https:\/\/patrasport.gr\/it\/wp-json\/wp\/v2\/comments?post=11149"}],"version-history":[{"count":0,"href":"https:\/\/patrasport.gr\/it\/wp-json\/wp\/v2\/pages\/11149\/revisions"}],"up":[{"embeddable":true,"href":"https:\/\/patrasport.gr\/it\/wp-json\/wp\/v2\/pages\/11141"}],"wp:attachment":[{"href":"https:\/\/patrasport.gr\/it\/wp-json\/wp\/v2\/media?parent=11149"}],"curies":[{"name":"wp","href":"https:\/\/api.w.org\/{rel}","templated":true}]}}