{"id":11133,"date":"2024-02-17T13:58:29","date_gmt":"2024-02-17T11:58:29","guid":{"rendered":"https:\/\/pp.314tester.eu\/collaborazioni-internazionali\/partecipazione-a-organizzazioni-internazionali\/it-e-s-p-o\/"},"modified":"2024-08-07T07:38:47","modified_gmt":"2024-08-07T04:38:47","slug":"e-s-p-o","status":"publish","type":"page","link":"https:\/\/patrasport.gr\/it\/collaborazioni-internazionali\/partecipazione-a-organizzazioni-internazionali\/e-s-p-o\/","title":{"rendered":"E.S.P.O."},"content":{"rendered":"\t\t<div data-elementor-type=\"wp-page\" data-elementor-id=\"11133\" class=\"elementor elementor-11133 elementor-1903\" data-elementor-post-type=\"page\">\n\t\t\t\t<div class=\"elementor-element elementor-element-44cb2e1 e-flex e-con-boxed e-con e-parent\" data-id=\"44cb2e1\" data-element_type=\"container\" data-e-type=\"container\">\n\t\t\t\t\t<div class=\"e-con-inner\">\n\t\t\t\t<div class=\"elementor-element elementor-element-6b33f2c elementor-widget elementor-widget-heading\" data-id=\"6b33f2c\" data-element_type=\"widget\" data-e-type=\"widget\" data-widget_type=\"heading.default\">\n\t\t\t\t<div class=\"elementor-widget-container\">\n\t\t\t\t\t<h2 class=\"elementor-heading-title elementor-size-default\">E.S.P.O.<\/h2>\t\t\t\t<\/div>\n\t\t\t\t<\/div>\n\t\t\t\t<div class=\"elementor-element elementor-element-313dc43 elementor-widget-divider--view-line elementor-widget elementor-widget-divider\" data-id=\"313dc43\" data-element_type=\"widget\" data-e-type=\"widget\" data-widget_type=\"divider.default\">\n\t\t\t\t<div class=\"elementor-widget-container\">\n\t\t\t\t\t\t\t<div class=\"elementor-divider\">\n\t\t\t<span class=\"elementor-divider-separator\">\n\t\t\t\t\t\t<\/span>\n\t\t<\/div>\n\t\t\t\t\t\t<\/div>\n\t\t\t\t<\/div>\n\t\t\t\t<div class=\"elementor-element elementor-element-dc1ab30 elementor-widget elementor-widget-text-editor\" data-id=\"dc1ab30\" data-element_type=\"widget\" data-e-type=\"widget\" data-widget_type=\"text-editor.default\">\n\t\t\t\t<div class=\"elementor-widget-container\">\n\t\t\t\t\t\t\t\t\t<p>O.L.P.A. dal 2010 \u00e8 membro dell&#8217;E.S.P.O.<\/p>\n<p>L&#8217;Agenzia Europea dei Porti Marittimi \u00e8 stata istituita nel 1993. Rappresenta le autorit\u00e0 portuali, le associazioni portuali e le amministrazioni portuali degli Stati membri dell&#8217;Unione Europea e della Norvegia. L&#8217;E.S.P.O. ha anche dei membri osservatori.   <\/p>\n<p>L&#8217;E.S.P.O. garantisce che i porti marittimi abbiano una voce chiara nell&#8217;Unione Europea. L&#8217;organizzazione promuove gli interessi comuni dei suoi membri in tutta Europa e dialoga con gli stakeholder europei del settore portuale e marittimo.  <\/p>\n<p>L&#8217;ESPO opera attraverso un segretariato permanente a Bruxelles, l&#8217;Assemblea Generale, il Comitato Esecutivo e 8 comitati specializzati.<\/p>\n\t\t\t\t\t\t\t\t<\/div>\n\t\t\t\t<\/div>\n\t\t\t\t<div class=\"elementor-element elementor-element-4542c6c elementor-widget elementor-widget-tp-navigation-menu-lite\" data-id=\"4542c6c\" data-element_type=\"widget\" data-e-type=\"widget\" data-widget_type=\"tp-navigation-menu-lite.default\">\n\t\t\t\t<div class=\"elementor-widget-container\">\n\t\t\t\t\t\n\t\t<div class=\"plus-navigation-wrap text-center nav-menu69ec969f2e4c2\">\n\t\t\t<div class=\"plus-navigation-inner menu-hover main-menu-indicator-style-1 sub-menu-indicator-none \"  data-menu_transition=\"style-1\">\n\t\t\t\t<div id=\"theplus-navigation-normal-menu\" class=\"collapse navbar-collapse navbar-ex1-collapse\">\n\t\n\t\t\t\t\t<div class=\"plus-navigation-menu menu-horizontal\">\n\t\t\t\t\t\t\n\t\t\t\t\t\t<div class=\"plus-navigation-menu menu-horizontal\"><ul id=\"menu-international-orgs-italika\" class=\"nav navbar-nav yamm menu-hover-style-1\"><li id=\"menu-item-11303\" class=\"menu-item menu-item-type-post_type menu-item-object-page menu-item-home animate-dropdown menu-item-11303\" ><a title=\"Home Page\" href=\"https:\/\/patrasport.gr\/it\/\" data-text=\"Home Page\">Home Page<\/a><\/li>\n<li id=\"menu-item-11304\" class=\"menu-item menu-item-type-post_type menu-item-object-page animate-dropdown menu-item-11304\" ><a title=\"E.S.P.O.\" href=\"https:\/\/patrasport.gr\/it\/collaborazioni-internazionali\/partecipazione-a-organizzazioni-internazionali\/e-s-p-o\/\" data-text=\"E.S.P.O.\">E.S.P.O.<\/a><\/li>\n<li id=\"menu-item-11305\" class=\"menu-item menu-item-type-post_type menu-item-object-page animate-dropdown menu-item-11305\" ><a title=\"MEDCRUISE\" href=\"https:\/\/patrasport.gr\/it\/collaborazioni-internazionali\/partecipazione-a-organizzazioni-internazionali\/medcruise\/\" data-text=\"MEDCRUISE\">MEDCRUISE<\/a><\/li>\n<li id=\"menu-item-11306\" class=\"menu-item menu-item-type-post_type menu-item-object-page animate-dropdown menu-item-11306\" ><a title=\"EUSAIR\" href=\"https:\/\/patrasport.gr\/it\/collaborazioni-internazionali\/partecipazione-a-organizzazioni-internazionali\/eusair\/\" data-text=\"EUSAIR\">EUSAIR<\/a><\/li>\n<\/ul><\/div>\t\t\t\t\t<\/div>\n\t\t\t\t<\/div>\n\n\t\t\t\t\t\t\t\t\n\t\t\t<\/div>\n\t\t<\/div>\n\t\t \n\t\t<style>.plus-navigation-wrap.nav-menu69ec969f2e4c2 #theplus-navigation-normal-menu{display: block!important;}<\/style>\t\t\t\t<\/div>\n\t\t\t\t<\/div>\n\t\t\t\t\t<\/div>\n\t\t\t\t<\/div>\n\t\t\t\t<\/div>\n\t\t","protected":false},"excerpt":{"rendered":"<p>E.S.P.O. O.L.P.A. dal 2010 \u00e8 membro dell&#8217;E.S.P.O. L&#8217;Agenzia Europea dei Porti Marittimi \u00e8 stata istituita nel 1993. Rappresenta le autorit\u00e0 portuali, le associazioni portuali e le amministrazioni portuali degli Stati membri dell&#8217;Unione Europea e della Norvegia. L&#8217;E.S.P.O. ha anche dei membri osservatori. L&#8217;E.S.P.O. garantisce che i porti marittimi abbiano una voce chiara nell&#8217;Unione Europea. L&#8217;organizzazione [&hellip;]<\/p>\n","protected":false},"author":3,"featured_media":0,"parent":11131,"menu_order":0,"comment_status":"closed","ping_status":"closed","template":"","meta":{"footnotes":""},"class_list":["post-11133","page","type-page","status-publish","hentry"],"_links":{"self":[{"href":"https:\/\/patrasport.gr\/it\/wp-json\/wp\/v2\/pages\/11133","targetHints":{"allow":["GET"]}}],"collection":[{"href":"https:\/\/patrasport.gr\/it\/wp-json\/wp\/v2\/pages"}],"about":[{"href":"https:\/\/patrasport.gr\/it\/wp-json\/wp\/v2\/types\/page"}],"author":[{"embeddable":true,"href":"https:\/\/patrasport.gr\/it\/wp-json\/wp\/v2\/users\/3"}],"replies":[{"embeddable":true,"href":"https:\/\/patrasport.gr\/it\/wp-json\/wp\/v2\/comments?post=11133"}],"version-history":[{"count":0,"href":"https:\/\/patrasport.gr\/it\/wp-json\/wp\/v2\/pages\/11133\/revisions"}],"up":[{"embeddable":true,"href":"https:\/\/patrasport.gr\/it\/wp-json\/wp\/v2\/pages\/11131"}],"wp:attachment":[{"href":"https:\/\/patrasport.gr\/it\/wp-json\/wp\/v2\/media?parent=11133"}],"curies":[{"name":"wp","href":"https:\/\/api.w.org\/{rel}","templated":true}]}}