{"id":11127,"date":"2024-02-17T13:49:01","date_gmt":"2024-02-17T11:49:01","guid":{"rendered":"https:\/\/pp.314tester.eu\/collaborazioni-internazionali\/associazione-per-la-protezione-dellambiente-marino-di-hellenic-helmepa\/"},"modified":"2024-08-06T21:20:48","modified_gmt":"2024-08-06T18:20:48","slug":"associazione-per-la-protezione-dellambiente-marino-di-hellenic-helmepa","status":"publish","type":"page","link":"https:\/\/patrasport.gr\/it\/collaborazioni-internazionali\/associazione-per-la-protezione-dellambiente-marino-di-hellenic-helmepa\/","title":{"rendered":"Associazione per la protezione dell&#8217;ambiente marino di Hellenic &#8211; HELMEPA"},"content":{"rendered":"\t\t<div data-elementor-type=\"wp-page\" data-elementor-id=\"11127\" class=\"elementor elementor-11127 elementor-10803\" data-elementor-post-type=\"page\">\n\t\t\t\t<div class=\"elementor-element elementor-element-8d019e8 e-flex e-con-boxed e-con e-parent\" data-id=\"8d019e8\" data-element_type=\"container\" data-e-type=\"container\">\n\t\t\t\t\t<div class=\"e-con-inner\">\n\t\t\t\t<div class=\"elementor-element elementor-element-ff00248 elementor-widget elementor-widget-heading\" data-id=\"ff00248\" data-element_type=\"widget\" data-e-type=\"widget\" data-widget_type=\"heading.default\">\n\t\t\t\t<div class=\"elementor-widget-container\">\n\t\t\t\t\t<h2 class=\"elementor-heading-title elementor-size-default\">Associazione ellenica per la protezione dell'ambiente marino - HELMEPA<\/h2>\t\t\t\t<\/div>\n\t\t\t\t<\/div>\n\t\t\t\t<div class=\"elementor-element elementor-element-e6351d2 elementor-widget-divider--view-line elementor-widget elementor-widget-divider\" data-id=\"e6351d2\" data-element_type=\"widget\" data-e-type=\"widget\" data-widget_type=\"divider.default\">\n\t\t\t\t<div class=\"elementor-widget-container\">\n\t\t\t\t\t\t\t<div class=\"elementor-divider\">\n\t\t\t<span class=\"elementor-divider-separator\">\n\t\t\t\t\t\t<\/span>\n\t\t<\/div>\n\t\t\t\t\t\t<\/div>\n\t\t\t\t<\/div>\n\t\t\t\t<div class=\"elementor-element elementor-element-0d824a2 elementor-widget elementor-widget-text-editor\" data-id=\"0d824a2\" data-element_type=\"widget\" data-e-type=\"widget\" data-widget_type=\"text-editor.default\">\n\t\t\t\t<div class=\"elementor-widget-container\">\n\t\t\t\t\t\t\t\t\t<p>L&#8217;Autorit\u00e0 Portuale di Patrasso S.A. \u00e8 un membro cooperante di HELMEPA, l&#8217;Associazione Ellenica per la Protezione dell&#8217;Ambiente Marino, che \u00e8 un impegno volontario pionieristico intrapreso al Pireo il 4 giugno 1982 da marittimi e armatori greci per la protezione dei mari dall&#8217;inquinamento causato dalle navi. <\/p>\n<p>HELMEPA \u00e8 una piattaforma aperta e partecipativa con una rete di membri in continua crescita, composta da oltre 320 aziende\/organizzazioni di tutti i settori, enti pubblici e privati, oltre 2.280 navi, 14.000 marittimi e 250.000 volontari impegnati nello sviluppo sostenibile.<\/p>\n\t\t\t\t\t\t\t\t<\/div>\n\t\t\t\t<\/div>\n\t\t\t\t<div class=\"elementor-element elementor-element-06a9192 elementor-widget elementor-widget-image\" data-id=\"06a9192\" data-element_type=\"widget\" data-e-type=\"widget\" data-widget_type=\"image.default\">\n\t\t\t\t<div class=\"elementor-widget-container\">\n\t\t\t\t\t\t\t\t\t\t\t\t\t\t\t\t<a href=\"https:\/\/www.helmepa.gr\/\" target=\"_blank\" rel=\"noopener\">\n\t\t\t\t\t\t\t<img fetchpriority=\"high\" decoding=\"async\" width=\"300\" height=\"300\" src=\"https:\/\/patrasport.gr\/wp-content\/uploads\/2024\/02\/helmepa.png\" class=\"elementor-animation-grow attachment-full size-full wp-image-8611\" alt=\"\" srcset=\"https:\/\/patrasport.gr\/wp-content\/uploads\/2024\/02\/helmepa.png 300w, https:\/\/patrasport.gr\/wp-content\/uploads\/2024\/02\/helmepa-150x150.png 150w\" sizes=\"(max-width: 300px) 100vw, 300px\" \/>\t\t\t\t\t\t\t\t<\/a>\n\t\t\t\t\t\t\t\t\t\t\t\t\t\t\t<\/div>\n\t\t\t\t<\/div>\n\t\t\t\t\t<\/div>\n\t\t\t\t<\/div>\n\t\t\t\t<\/div>\n\t\t","protected":false},"excerpt":{"rendered":"<p>Associazione ellenica per la protezione dell&#8217;ambiente marino &#8211; HELMEPA L&#8217;Autorit\u00e0 Portuale di Patrasso S.A. \u00e8 un membro cooperante di HELMEPA, l&#8217;Associazione Ellenica per la Protezione dell&#8217;Ambiente Marino, che \u00e8 un impegno volontario pionieristico intrapreso al Pireo il 4 giugno 1982 da marittimi e armatori greci per la protezione dei mari dall&#8217;inquinamento causato dalle navi. HELMEPA [&hellip;]<\/p>\n","protected":false},"author":3,"featured_media":0,"parent":11104,"menu_order":0,"comment_status":"closed","ping_status":"closed","template":"","meta":{"footnotes":""},"class_list":["post-11127","page","type-page","status-publish","hentry"],"_links":{"self":[{"href":"https:\/\/patrasport.gr\/it\/wp-json\/wp\/v2\/pages\/11127","targetHints":{"allow":["GET"]}}],"collection":[{"href":"https:\/\/patrasport.gr\/it\/wp-json\/wp\/v2\/pages"}],"about":[{"href":"https:\/\/patrasport.gr\/it\/wp-json\/wp\/v2\/types\/page"}],"author":[{"embeddable":true,"href":"https:\/\/patrasport.gr\/it\/wp-json\/wp\/v2\/users\/3"}],"replies":[{"embeddable":true,"href":"https:\/\/patrasport.gr\/it\/wp-json\/wp\/v2\/comments?post=11127"}],"version-history":[{"count":0,"href":"https:\/\/patrasport.gr\/it\/wp-json\/wp\/v2\/pages\/11127\/revisions"}],"up":[{"embeddable":true,"href":"https:\/\/patrasport.gr\/it\/wp-json\/wp\/v2\/pages\/11104"}],"wp:attachment":[{"href":"https:\/\/patrasport.gr\/it\/wp-json\/wp\/v2\/media?parent=11127"}],"curies":[{"name":"wp","href":"https:\/\/api.w.org\/{rel}","templated":true}]}}